{"id":6782,"date":"2025-01-03T13:20:14","date_gmt":"2025-01-03T12:20:14","guid":{"rendered":"https:\/\/lacooperativechoregraphique.org\/?page_id=6782"},"modified":"2025-11-21T20:50:13","modified_gmt":"2025-11-21T19:50:13","slug":"les-matinees-somatiques","status":"publish","type":"page","link":"https:\/\/lacooperativechoregraphique.org\/index.php\/les-matinees-somatiques\/","title":{"rendered":"Les matin\u00e9es somatiques"},"content":{"rendered":"\n<figure class=\"wp-block-image size-large\"><img loading=\"lazy\" decoding=\"async\" width=\"1024\" height=\"576\" src=\"https:\/\/lacooperativechoregraphique.org\/wp-content\/uploads\/2025\/11\/Sans-titre2-1024x576.png\" alt=\"\" class=\"wp-image-7068\" srcset=\"https:\/\/lacooperativechoregraphique.org\/wp-content\/uploads\/2025\/11\/Sans-titre2-1024x576.png 1024w, https:\/\/lacooperativechoregraphique.org\/wp-content\/uploads\/2025\/11\/Sans-titre2-300x169.png 300w, https:\/\/lacooperativechoregraphique.org\/wp-content\/uploads\/2025\/11\/Sans-titre2-768x432.png 768w, https:\/\/lacooperativechoregraphique.org\/wp-content\/uploads\/2025\/11\/Sans-titre2-640x360.png 640w, https:\/\/lacooperativechoregraphique.org\/wp-content\/uploads\/2025\/11\/Sans-titre2-889x500.png 889w, https:\/\/lacooperativechoregraphique.org\/wp-content\/uploads\/2025\/11\/Sans-titre2-1536x864.png 1536w, https:\/\/lacooperativechoregraphique.org\/wp-content\/uploads\/2025\/11\/Sans-titre2-1568x882.png 1568w, https:\/\/lacooperativechoregraphique.org\/wp-content\/uploads\/2025\/11\/Sans-titre2.png 1920w\" sizes=\"auto, (max-width: 1024px) 100vw, 1024px\" \/><\/figure>\n\n\n\n<p style=\"font-size:12px\">Un nouveau rendez-vous vous est propos\u00e9 \u00e0 La Coop\u00e9rative Chor\u00e9graphique pour prendre soin de nos corps , explorer de nouveaux chemins de mouvement et d\u00e9velopper notre palette de perceptions sensorielles.<\/p>\n\n\n\n<p style=\"font-size:12px\">Les pratiques somatiques regroupent des m\u00e9thodes centr\u00e9es sur l&rsquo;apprentissage de la conscience du corps en mouvement dans l&rsquo;espace. \u00c0 travers le mouvement, le toucher, l\u2019approche par la voix, la respiration, la somatisation, l\u2019imagination, le dessin, elles contribuent \u00e0 d\u00e9velopper notre pr\u00e9sence \u00e0 nous-m\u00eames et notre expression. Ces pratiques ne n\u00e9cessitent aucuns pr\u00e9requis en danse ou en mouvement, mais juste de la curiosit\u00e9 \u00e0 explorer de nouveaux chemins corporels.<\/p>\n\n\n\n<h3 class=\"wp-block-heading\"><strong>Prochains ateliers<\/strong><\/h3>\n\n\n\n<figure style=\"font-size:12px\" class=\"wp-block-table\"><table class=\"has-fixed-layout\"><tbody><tr><td><strong>DIMANCHE 23 NOVEMBRE DE<\/strong><strong> 10h \u00e0 13h<\/strong><\/td><\/tr><tr><td><em><strong>Pratiques somatiques et life art process &#8211; Anna Halprin<\/strong><\/em><\/td><\/tr><tr><td><strong>Avec Sarah L\u00eaveque et Flora Pilet<\/strong><\/td><\/tr><tr><td>La plasticienne Sarah L\u00eaveque et la chor\u00e9graphe Flora Pilet vous propose une plong\u00e9e dans les outils du Life Art Process \u00a9 cr\u00e9\u00e9 par Anna Halprin avec l&rsquo;apport de la pratique du Body Mind Centuring \u00a9.<br>Le corps y est envisag\u00e9 comme porte d\u2019acc\u00e8s aux \u00e9motions, aux r\u00e9cits int\u00e9rieurs et aux dynamiques relationnelles.<br>La pratique alterne danse improvis\u00e9e, dessin, \u00e9criture et rituels collectifs pour transformer l\u2019exp\u00e9rience v\u00e9cue en mati\u00e8re artistique.<br>Elle vise \u00e0 d\u00e9velopper conscience corporelle et la cr\u00e9ativit\u00e9.<\/td><\/tr><\/tbody><\/table><\/figure>\n\n\n\n<figure style=\"font-size:12px\" class=\"wp-block-table\"><table class=\"has-fixed-layout\"><tbody><tr><td><strong>DIMANCHE 14 D\u00c9CEMBRE<\/strong><strong> 10h \u00e0 13h<\/strong><\/td><\/tr><tr><td><em><strong><em><strong>Une plong\u00e9e \u00e0 soi<\/strong><\/em> <\/strong><\/em><\/td><\/tr><tr><td><strong>Avec Marie Papon<\/strong><\/td><\/tr><tr><td>Marie Papon, danseuse et ost\u00e9opathe, nous invite dans cet atelier \u00e0 explorer le toucher ost\u00e9opathique \u00e0 travers la danse, le jeu et des pratiques \u00e9nerg\u00e9tiques.<br>Il propose de d\u00e9velopper des outils de perception et de palpation pour sentir les mouvements et rythmes liquidiens du corps.<br>Les participant\u00b7es apprendront \u00e0 distinguer diff\u00e9rentes qualit\u00e9s et profondeurs tissulaires.<br>Des apports th\u00e9oriques en anatomie et des explorations du toucher, seul\u00b7e et en bin\u00f4me, accompagneront la pratique.<br>L\u2019ensemble ouvre une plong\u00e9e sensible dans les flux corporels, r\u00e9els ou imaginaires, pour rencontrer l\u2019intime et le collectif.<\/td><\/tr><\/tbody><\/table><\/figure>\n\n\n\n<p style=\"font-size:14px\"><strong>PASS<strong>\u00c9<\/strong>S<\/strong><\/p>\n\n\n\n<p style=\"font-size:12px\">9 mars :\u00a0 <strong>Danser avec nos liquides<\/strong> \u00a0avec \u00a0Flora Pilet<br>27 avril : <strong>Yoga et bain sonore avec <\/strong>Val\u00e9rie Deschamps et Antoine B\u00e9cot<br><br><strong>Tarif : 30\u20ac l&rsquo;atelier<\/strong><\/p>\n\n\n\n<p style=\"font-size:14px\">Inscriptions : <a href=\"https:\/\/www.helloasso.com\/associations\/la-cooperative-choregraphique\/evenements\/les-matinees-somatiques\">https:\/\/www.helloasso.com\/associations\/la-cooperative-choregraphique\/evenements\/les-matinees-somatiques<\/a><\/p>\n\n\n\n<p style=\"font-size:14px\"><\/p>\n","protected":false},"excerpt":{"rendered":"<p>Un nouveau rendez-vous vous est propos\u00e9 \u00e0 La Coop\u00e9rative Chor\u00e9graphique pour prendre soin de nos corps , explorer de nouveaux chemins de mouvement et d\u00e9velopper notre palette de perceptions sensorielles. Les pratiques somatiques regroupent des m\u00e9thodes centr\u00e9es sur l&rsquo;apprentissage de la conscience du corps en mouvement dans l&rsquo;espace. \u00c0 travers le mouvement, le toucher, l\u2019approche&hellip; <a class=\"more-link\" href=\"https:\/\/lacooperativechoregraphique.org\/index.php\/les-matinees-somatiques\/\">Poursuivre la lecture <span class=\"screen-reader-text\">Les matin\u00e9es somatiques<\/span><\/a><\/p>\n","protected":false},"author":1,"featured_media":0,"parent":0,"menu_order":0,"comment_status":"closed","ping_status":"closed","template":"","meta":{"footnotes":""},"class_list":["post-6782","page","type-page","status-publish","hentry","entry"],"_links":{"self":[{"href":"https:\/\/lacooperativechoregraphique.org\/index.php\/wp-json\/wp\/v2\/pages\/6782","targetHints":{"allow":["GET"]}}],"collection":[{"href":"https:\/\/lacooperativechoregraphique.org\/index.php\/wp-json\/wp\/v2\/pages"}],"about":[{"href":"https:\/\/lacooperativechoregraphique.org\/index.php\/wp-json\/wp\/v2\/types\/page"}],"author":[{"embeddable":true,"href":"https:\/\/lacooperativechoregraphique.org\/index.php\/wp-json\/wp\/v2\/users\/1"}],"replies":[{"embeddable":true,"href":"https:\/\/lacooperativechoregraphique.org\/index.php\/wp-json\/wp\/v2\/comments?post=6782"}],"version-history":[{"count":5,"href":"https:\/\/lacooperativechoregraphique.org\/index.php\/wp-json\/wp\/v2\/pages\/6782\/revisions"}],"predecessor-version":[{"id":7072,"href":"https:\/\/lacooperativechoregraphique.org\/index.php\/wp-json\/wp\/v2\/pages\/6782\/revisions\/7072"}],"wp:attachment":[{"href":"https:\/\/lacooperativechoregraphique.org\/index.php\/wp-json\/wp\/v2\/media?parent=6782"}],"curies":[{"name":"wp","href":"https:\/\/api.w.org\/{rel}","templated":true}]}}