{"id":6342,"date":"2024-04-10T18:18:26","date_gmt":"2024-04-10T16:18:26","guid":{"rendered":"https:\/\/lacooperativechoregraphique.org\/?page_id=6342"},"modified":"2025-09-30T17:25:09","modified_gmt":"2025-09-30T15:25:09","slug":"asylum-toucher-linstant","status":"publish","type":"page","link":"https:\/\/lacooperativechoregraphique.org\/index.php\/asylum-toucher-linstant\/","title":{"rendered":"ASYLUM &#8211; comment ne pas rendre l&rsquo;autre fou"},"content":{"rendered":"\n<div class=\"wp-block-columns is-layout-flex wp-container-core-columns-is-layout-9d6595d7 wp-block-columns-is-layout-flex\">\n<div class=\"wp-block-column is-layout-flow wp-block-column-is-layout-flow\"><div class=\"wp-block-image\">\n<figure class=\"aligncenter size-full is-resized\"><img loading=\"lazy\" decoding=\"async\" width=\"700\" height=\"294\" src=\"https:\/\/lacooperativechoregraphique.org\/wp-content\/uploads\/2025\/09\/logo-noesis_OK_recadre.png\" alt=\"\" class=\"wp-image-7004\" style=\"width:250px;height:auto\" srcset=\"https:\/\/lacooperativechoregraphique.org\/wp-content\/uploads\/2025\/09\/logo-noesis_OK_recadre.png 700w, https:\/\/lacooperativechoregraphique.org\/wp-content\/uploads\/2025\/09\/logo-noesis_OK_recadre-300x126.png 300w, https:\/\/lacooperativechoregraphique.org\/wp-content\/uploads\/2025\/09\/logo-noesis_OK_recadre-640x269.png 640w\" sizes=\"auto, (max-width: 700px) 100vw, 700px\" \/><\/figure>\n<\/div><\/div>\n\n\n\n<div class=\"wp-block-column is-vertically-aligned-top is-layout-flow wp-block-column-is-layout-flow\"><div class=\"wp-block-image\">\n<figure class=\"aligncenter size-large is-resized\"><img loading=\"lazy\" decoding=\"async\" width=\"1024\" height=\"407\" src=\"http:\/\/lacooperativechoregraphique.org\/wp-content\/uploads\/2025\/09\/EstampilleProjetLabelliseBlanc-1024x407.png\" alt=\"\" class=\"wp-image-7001\" style=\"width:287px;height:auto\" srcset=\"https:\/\/lacooperativechoregraphique.org\/wp-content\/uploads\/2025\/09\/EstampilleProjetLabelliseBlanc-1024x407.png 1024w, https:\/\/lacooperativechoregraphique.org\/wp-content\/uploads\/2025\/09\/EstampilleProjetLabelliseBlanc-300x119.png 300w, https:\/\/lacooperativechoregraphique.org\/wp-content\/uploads\/2025\/09\/EstampilleProjetLabelliseBlanc-768x305.png 768w, https:\/\/lacooperativechoregraphique.org\/wp-content\/uploads\/2025\/09\/EstampilleProjetLabelliseBlanc-640x254.png 640w, https:\/\/lacooperativechoregraphique.org\/wp-content\/uploads\/2025\/09\/EstampilleProjetLabelliseBlanc-948x377.png 948w, https:\/\/lacooperativechoregraphique.org\/wp-content\/uploads\/2025\/09\/EstampilleProjetLabelliseBlanc-1536x610.png 1536w, https:\/\/lacooperativechoregraphique.org\/wp-content\/uploads\/2025\/09\/EstampilleProjetLabelliseBlanc-1568x623.png 1568w, https:\/\/lacooperativechoregraphique.org\/wp-content\/uploads\/2025\/09\/EstampilleProjetLabelliseBlanc.png 1941w\" sizes=\"auto, (max-width: 1024px) 100vw, 1024px\" \/><\/figure>\n<\/div><\/div>\n<\/div>\n\n\n\n<div class=\"wp-block-columns alignwide is-layout-flex wp-container-core-columns-is-layout-9d6595d7 wp-block-columns-is-layout-flex\">\n<div class=\"wp-block-column is-layout-flow wp-block-column-is-layout-flow\">\n<div class=\"wp-block-columns is-layout-flex wp-container-core-columns-is-layout-9d6595d7 wp-block-columns-is-layout-flex\">\n<div class=\"wp-block-column is-layout-flow wp-block-column-is-layout-flow\" style=\"flex-basis:100%\">\n<div class=\"wp-block-columns is-layout-flex wp-container-core-columns-is-layout-9d6595d7 wp-block-columns-is-layout-flex\">\n<div class=\"wp-block-column is-layout-flow wp-block-column-is-layout-flow\" style=\"flex-basis:100%\">\n<p class=\"has-text-align-left\" style=\"font-size:14px\">Nous vivons dans un monde dans lequel tout change \u00e0 une vitesse vertigineuse.&nbsp;Les technologies, les modes de vie, les valeurs, les besoins, les d\u00e9sirs\u2026 Tout est en perp\u00e9tuelle mutation, et nous devons nous adapter sans cesse \u00e0 ces transformations. Nous sommes soumis \u00e0 une disruption permanente, qui nous oblige \u00e0 remettre en question nos rep\u00e8res, nos habitudes, nos certitudes. Comment ne pas devenir fou dans ce contexte ?<br><br>Asylum est une performance hybride, une installation mutante qui invite \u00e0 ralentir, \u00e0 faire un pas de c\u00f4t\u00e9. C\u2019est un territoire sans fronti\u00e8res, impur et hospitalier. C\u2019est un moment furtif pour \u00e9chapper \u00e0 l\u2019hyper spectaculaire et \u00e0 l\u2019hyper vitesse, un refuge pour se reposer, pour respirer, pour se m\u00e9langer.<br><br>Le paysage arborescent de cette cr\u00e9ation immersive vous propose de traverser une exp\u00e9rience \u00e9largie de la pratique chor\u00e9graphique, qui prend \u00e0 bras-le-corps les questions de l\u2019espoir, du commun, de la joie. C\u2019est un chemin que chacun peut imaginer, tracer, relier, comme dans l\u2019amour et l\u2019amiti\u00e9, mais aussi au c\u0153ur d\u2019une cit\u00e9 ou sur un plateau. <br><br>Une catastrophe, un plan s\u00e9quence, un d\u00eener.<br>Une \u00eele mobile du kiff, de la musique et du repos.<br><\/p>\n<\/div>\n<\/div>\n<\/div>\n<\/div>\n\n\n\n<p style=\"padding-top:0;padding-right:0;padding-bottom:0;padding-left:0;font-size:14px\"><br><\/p>\n<\/div>\n\n\n\n<div class=\"wp-block-column is-layout-flow wp-block-column-is-layout-flow\">\n<figure class=\"wp-block-image size-large\"><img loading=\"lazy\" decoding=\"async\" width=\"1024\" height=\"682\" src=\"http:\/\/lacooperativechoregraphique.org\/wp-content\/uploads\/2025\/09\/01_asylum_ok-M25_paysage_2-OK-3-1280x853-1-1024x682.jpg\" alt=\"\" class=\"wp-image-7000\" srcset=\"https:\/\/lacooperativechoregraphique.org\/wp-content\/uploads\/2025\/09\/01_asylum_ok-M25_paysage_2-OK-3-1280x853-1-1024x682.jpg 1024w, https:\/\/lacooperativechoregraphique.org\/wp-content\/uploads\/2025\/09\/01_asylum_ok-M25_paysage_2-OK-3-1280x853-1-300x200.jpg 300w, https:\/\/lacooperativechoregraphique.org\/wp-content\/uploads\/2025\/09\/01_asylum_ok-M25_paysage_2-OK-3-1280x853-1-768x512.jpg 768w, https:\/\/lacooperativechoregraphique.org\/wp-content\/uploads\/2025\/09\/01_asylum_ok-M25_paysage_2-OK-3-1280x853-1-640x426.jpg 640w, https:\/\/lacooperativechoregraphique.org\/wp-content\/uploads\/2025\/09\/01_asylum_ok-M25_paysage_2-OK-3-1280x853-1-750x500.jpg 750w, https:\/\/lacooperativechoregraphique.org\/wp-content\/uploads\/2025\/09\/01_asylum_ok-M25_paysage_2-OK-3-1280x853-1-555x369.jpg 555w, https:\/\/lacooperativechoregraphique.org\/wp-content\/uploads\/2025\/09\/01_asylum_ok-M25_paysage_2-OK-3-1280x853-1.jpg 1280w\" sizes=\"auto, (max-width: 1024px) 100vw, 1024px\" \/><\/figure>\n\n\n\n<p style=\"font-size:14px\"><strong>RECR\u00c9\u00c9 POUR LA C\u00c9L\u00c9BRATION DU MILL\u00c9NAIRE DE LA VILLE DE CAEN,&nbsp;ASYLUM PREND UN SENS PARTICULIER <br><br><\/strong>Une ville, elle aussi, est faite de ces espaces invisibles qui se r\u00e9inventent au fil des si\u00e8cles : lieux de rencontres, d\u2019amiti\u00e9, d\u2019amour, mais aussi de respiration collective.&nbsp;Comme un instant suspendu au milieu du tumulte, nous pouvons toujours inventer, ensemble, une forme de refuge, une nouvelle loi, un nouvel \u00e9clat.<\/p>\n\n\n\n<p class=\"has-text-align-left\" style=\"font-size:12px\">Alexandre Le Petit<\/p>\n<\/div>\n\n\n\n<div class=\"wp-block-column is-layout-flow wp-block-column-is-layout-flow\">\n<p style=\"font-size:36px\"><strong>ASYLUM<\/strong><\/p>\n\n\n\n<p class=\"has-extra-small-font-size\">PERFORMANCE &#8211; IN SITU &#8211; DINER<\/p>\n\n\n\n<p><strong>10 &amp; 11 OCTOBRE 2025 \u2013 20h00<\/strong><\/p>\n\n\n\n<p style=\"font-size:12px\">Conception et dramaturgie : Alexandre Le Petit<br>Avec : Flora Pilet, Lara Gouix, Marie-Ananda Gilavert, Florent Martin, P\u00e9rig Villerbu, Lor\u00e8ne Pl\u00e9, Thierry Lagadu, Christophe Bisson, Damiano Fo\u00e0, Fabienne Mulot, Nicolas Desert, Valentin Honor\u00e9, Genevi\u00e8ve Achille, Jeanne De La Porte, Ambre Orfao, Fran\u00e7ois Granade, Dominique Achille, Ma\u00ef Ishiwata, Enzo Gambini, Anne-Flore Grandsire, No\u00e9lie Pl\u00e9, Alexandra Damasse (\u2026)<br><br>Production : NOESIS<br>Coproduction : Mill\u00e9naire de la ville de Caen, Chor\u00e8ge \u2013 Centre de D\u00e9veloppement Chor\u00e9graphique National de Falaise. <br>Partenariat : La Coop\u00e9rative Chor\u00e9graphique<br><strong><a href=\"https:\/\/cie-noesis.org\/v2\/\">cie-noesis.org<\/a><\/strong><\/p>\n\n\n\n<div class=\"wp-block-buttons alignfull is-content-justification-left is-layout-flex wp-container-core-buttons-is-layout-fdcfc74e wp-block-buttons-is-layout-flex\">\n<div class=\"wp-block-button\"><a class=\"wp-block-button__link has-text-align-left wp-element-button\" href=\"https:\/\/www.helloasso.com\/associations\/la-cooperative-choregraphique\/evenements\/asylum-m25\" target=\"_blank\" rel=\"noreferrer noopener\"><strong>R\u00c9SERVATIONS<\/strong><\/a><\/div>\n<\/div>\n\n\n\n<p style=\"font-size:12px\"><strong>Places limit\u00e9es &#8211; r\u00e9servation conseill\u00e9e<\/strong><\/p>\n<\/div>\n<\/div>\n\n\n\n<p><\/p>\n","protected":false},"excerpt":{"rendered":"<p>Nous vivons dans un monde dans lequel tout change \u00e0 une vitesse vertigineuse.&nbsp;Les technologies, les modes de vie, les valeurs, les besoins, les d\u00e9sirs\u2026 Tout est en perp\u00e9tuelle mutation, et nous devons nous adapter sans cesse \u00e0 ces transformations. Nous sommes soumis \u00e0 une disruption permanente, qui nous oblige \u00e0 remettre en question nos rep\u00e8res,&hellip; <a class=\"more-link\" href=\"https:\/\/lacooperativechoregraphique.org\/index.php\/asylum-toucher-linstant\/\">Poursuivre la lecture <span class=\"screen-reader-text\">ASYLUM &#8211; comment ne pas rendre l&rsquo;autre fou<\/span><\/a><\/p>\n","protected":false},"author":1,"featured_media":0,"parent":0,"menu_order":0,"comment_status":"closed","ping_status":"closed","template":"","meta":{"footnotes":""},"class_list":["post-6342","page","type-page","status-publish","hentry","entry"],"_links":{"self":[{"href":"https:\/\/lacooperativechoregraphique.org\/index.php\/wp-json\/wp\/v2\/pages\/6342","targetHints":{"allow":["GET"]}}],"collection":[{"href":"https:\/\/lacooperativechoregraphique.org\/index.php\/wp-json\/wp\/v2\/pages"}],"about":[{"href":"https:\/\/lacooperativechoregraphique.org\/index.php\/wp-json\/wp\/v2\/types\/page"}],"author":[{"embeddable":true,"href":"https:\/\/lacooperativechoregraphique.org\/index.php\/wp-json\/wp\/v2\/users\/1"}],"replies":[{"embeddable":true,"href":"https:\/\/lacooperativechoregraphique.org\/index.php\/wp-json\/wp\/v2\/comments?post=6342"}],"version-history":[{"count":62,"href":"https:\/\/lacooperativechoregraphique.org\/index.php\/wp-json\/wp\/v2\/pages\/6342\/revisions"}],"predecessor-version":[{"id":7031,"href":"https:\/\/lacooperativechoregraphique.org\/index.php\/wp-json\/wp\/v2\/pages\/6342\/revisions\/7031"}],"wp:attachment":[{"href":"https:\/\/lacooperativechoregraphique.org\/index.php\/wp-json\/wp\/v2\/media?parent=6342"}],"curies":[{"name":"wp","href":"https:\/\/api.w.org\/{rel}","templated":true}]}}