{"id":5963,"date":"2022-10-25T14:39:09","date_gmt":"2022-10-25T12:39:09","guid":{"rendered":"https:\/\/lacooperativechoregraphique.org\/?page_id=5963"},"modified":"2026-04-01T19:07:38","modified_gmt":"2026-04-01T17:07:38","slug":"training-pro","status":"publish","type":"page","link":"https:\/\/lacooperativechoregraphique.org\/index.php\/training-pro\/","title":{"rendered":"C&rsquo;EST LUNDI !"},"content":{"rendered":"\n<figure class=\"wp-block-image size-full is-resized wp-duotone-blue-orange\"><img loading=\"lazy\" decoding=\"async\" width=\"450\" height=\"289\" src=\"http:\/\/lacooperativechoregraphique.org\/wp-content\/uploads\/2022\/10\/training-pro.jpg\" alt=\"\" class=\"wp-image-5964\" style=\"width:610px;height:auto\" srcset=\"https:\/\/lacooperativechoregraphique.org\/wp-content\/uploads\/2022\/10\/training-pro.jpg 450w, https:\/\/lacooperativechoregraphique.org\/wp-content\/uploads\/2022\/10\/training-pro-300x193.jpg 300w\" sizes=\"auto, (max-width: 450px) 100vw, 450px\" \/><\/figure>\n\n\n\n<h4 class=\"wp-block-heading has-text-align-left\">Retour des ateliers du lundi matin \u00e0 La Coop\u00e9rative Chor\u00e9graphique !<\/h4>\n\n\n\n<p class=\"has-extra-small-font-size\">Venez commencer la semaine par un temps pour vous en mouvement men\u00e9 par un.e chor\u00e9graphe, danseur.eures qui partage ses outils de travail et de pr\u00e9paration corporelle.<\/p>\n\n\n\n<p class=\"has-extra-small-font-size\">Cette ann\u00e9e, nous avons mis en place des cartes sur hello asso.<\/p>\n\n\n\n<p class=\"has-extra-small-font-size\">L&rsquo;inscription se fait sur la plateforme et vous pouvez nous pr\u00e9venir de votre pr\u00e9sence sur le groupe WhatsApp.<\/p>\n\n\n\n<p class=\"has-extra-small-font-size\">\u00c9crivez-vous nous \u00e0 <strong><a href=\"mailto:contact@lacooperativechoregraphique.org\">contact@lacooperativechoregraphique.org<\/a><\/strong> si vous voulez \u00eatre ajout\u00e9.e au groupe.<\/p>\n\n\n\n<p class=\"has-extra-small-font-size\"><strong>ADH\u00c9SION <\/strong>: 10\u20ac pour la participation aux ateliers.<\/p>\n\n\n\n<p class=\"has-extra-small-font-size\"><strong>DATES DES PROCHAINS ATELIERS EN 2026 : 10H &#8211; 11H30 (rdv \u00e0 9h45)<\/strong><br><br>Janvier : 22 <br>F\u00e9vrier : 2, 9<br>Mars : 2, 23<br>Avril : 13<br>Mai : 4<br>Juin : 1, 29<\/p>\n\n\n\n<div class=\"wp-block-buttons is-layout-flex wp-block-buttons-is-layout-flex\">\n<div class=\"wp-block-button\"><a class=\"wp-block-button__link wp-element-button\" href=\"https:\/\/www.helloasso.com\/associations\/la-cooperative-choregraphique\/evenements\/c-est-lundi\">INSCRIPTIONS<\/a><\/div>\n<\/div>\n","protected":false},"excerpt":{"rendered":"<p>Retour des ateliers du lundi matin \u00e0 La Coop\u00e9rative Chor\u00e9graphique ! Venez commencer la semaine par un temps pour vous en mouvement men\u00e9 par un.e chor\u00e9graphe, danseur.eures qui partage ses outils de travail et de pr\u00e9paration corporelle. Cette ann\u00e9e, nous avons mis en place des cartes sur hello asso. L&rsquo;inscription se fait sur la plateforme&hellip; <a class=\"more-link\" href=\"https:\/\/lacooperativechoregraphique.org\/index.php\/training-pro\/\">Poursuivre la lecture <span class=\"screen-reader-text\">C&rsquo;EST LUNDI !<\/span><\/a><\/p>\n","protected":false},"author":1,"featured_media":0,"parent":0,"menu_order":0,"comment_status":"closed","ping_status":"closed","template":"","meta":{"footnotes":""},"class_list":["post-5963","page","type-page","status-publish","hentry","entry"],"_links":{"self":[{"href":"https:\/\/lacooperativechoregraphique.org\/index.php\/wp-json\/wp\/v2\/pages\/5963","targetHints":{"allow":["GET"]}}],"collection":[{"href":"https:\/\/lacooperativechoregraphique.org\/index.php\/wp-json\/wp\/v2\/pages"}],"about":[{"href":"https:\/\/lacooperativechoregraphique.org\/index.php\/wp-json\/wp\/v2\/types\/page"}],"author":[{"embeddable":true,"href":"https:\/\/lacooperativechoregraphique.org\/index.php\/wp-json\/wp\/v2\/users\/1"}],"replies":[{"embeddable":true,"href":"https:\/\/lacooperativechoregraphique.org\/index.php\/wp-json\/wp\/v2\/comments?post=5963"}],"version-history":[{"count":34,"href":"https:\/\/lacooperativechoregraphique.org\/index.php\/wp-json\/wp\/v2\/pages\/5963\/revisions"}],"predecessor-version":[{"id":7142,"href":"https:\/\/lacooperativechoregraphique.org\/index.php\/wp-json\/wp\/v2\/pages\/5963\/revisions\/7142"}],"wp:attachment":[{"href":"https:\/\/lacooperativechoregraphique.org\/index.php\/wp-json\/wp\/v2\/media?parent=5963"}],"curies":[{"name":"wp","href":"https:\/\/api.w.org\/{rel}","templated":true}]}}