{"id":4778,"date":"2020-09-08T12:30:43","date_gmt":"2020-09-08T10:30:43","guid":{"rendered":"http:\/\/lacooperativechoregraphique.org\/?page_id=4778"},"modified":"2020-09-09T18:56:27","modified_gmt":"2020-09-09T16:56:27","slug":"topos","status":"publish","type":"page","link":"https:\/\/lacooperativechoregraphique.org\/index.php\/topos\/","title":{"rendered":"TOPOS \/ Chronophages &#8211; Oph\u00e9lie Brunet"},"content":{"rendered":"\n<figure class=\"wp-block-image size-large\"><img loading=\"lazy\" decoding=\"async\" width=\"1024\" height=\"689\" src=\"http:\/\/lacooperativechoregraphique.org\/wp-content\/uploads\/2020\/09\/L1042101-NB-1024x689.jpg\" alt=\"\" class=\"wp-image-4727\" srcset=\"https:\/\/lacooperativechoregraphique.org\/wp-content\/uploads\/2020\/09\/L1042101-NB-1024x689.jpg 1024w, https:\/\/lacooperativechoregraphique.org\/wp-content\/uploads\/2020\/09\/L1042101-NB-300x202.jpg 300w, https:\/\/lacooperativechoregraphique.org\/wp-content\/uploads\/2020\/09\/L1042101-NB-768x517.jpg 768w, https:\/\/lacooperativechoregraphique.org\/wp-content\/uploads\/2020\/09\/L1042101-NB-1536x1033.jpg 1536w, https:\/\/lacooperativechoregraphique.org\/wp-content\/uploads\/2020\/09\/L1042101-NB-2048x1378.jpg 2048w\" sizes=\"auto, (max-width: 1024px) 100vw, 1024px\" \/><\/figure>\n\n\n\n<p>\n<em>Le lieu, l&rsquo;\u00e9criture<br>\nTendre des liens\nentre l&rsquo;horizontal et le vertical, entre le dessous et le dessus,\nentre le visible et l&rsquo;invisible<br>\nArchitecture de l&rsquo;humain et du\nv\u00e9g\u00e9tal<br>\nDeux topographes tracent un itin\u00e9raire po\u00e9tique et\nfictif entre c\u00eemes et racines<\/em><br>\n<br>\nAvec\nOph\u00e9lie Brunet et Eliana Beltr\u00e0n \n<\/p>\n\n\n\n<p>Dur\u00e9e\n: 30 min environ \/ Costumes : Annaig Le Cann<\/p>\n\n\n\n<p>Avec\nle soutien des Ateliers Interm\u00e9diaires et de la commune nouvelle\nThue et Mue dans le cadre de l&rsquo;\u00e9v\u00e9nement <em>Thumulte<\/em>.<\/p>\n","protected":false},"excerpt":{"rendered":"<p>Le lieu, l&rsquo;\u00e9criture Tendre des liens entre l&rsquo;horizontal et le vertical, entre le dessous et le dessus, entre le visible et l&rsquo;invisible Architecture de l&rsquo;humain et du v\u00e9g\u00e9tal Deux topographes tracent un itin\u00e9raire po\u00e9tique et fictif entre c\u00eemes et racines Avec Oph\u00e9lie Brunet et Eliana Beltr\u00e0n Dur\u00e9e : 30 min environ \/ Costumes : Annaig&hellip; <a class=\"more-link\" href=\"https:\/\/lacooperativechoregraphique.org\/index.php\/topos\/\">Poursuivre la lecture <span class=\"screen-reader-text\">TOPOS \/ Chronophages &#8211; Oph\u00e9lie Brunet<\/span><\/a><\/p>\n","protected":false},"author":1,"featured_media":0,"parent":0,"menu_order":0,"comment_status":"closed","ping_status":"closed","template":"","meta":{"footnotes":""},"class_list":["post-4778","page","type-page","status-publish","hentry","entry"],"_links":{"self":[{"href":"https:\/\/lacooperativechoregraphique.org\/index.php\/wp-json\/wp\/v2\/pages\/4778","targetHints":{"allow":["GET"]}}],"collection":[{"href":"https:\/\/lacooperativechoregraphique.org\/index.php\/wp-json\/wp\/v2\/pages"}],"about":[{"href":"https:\/\/lacooperativechoregraphique.org\/index.php\/wp-json\/wp\/v2\/types\/page"}],"author":[{"embeddable":true,"href":"https:\/\/lacooperativechoregraphique.org\/index.php\/wp-json\/wp\/v2\/users\/1"}],"replies":[{"embeddable":true,"href":"https:\/\/lacooperativechoregraphique.org\/index.php\/wp-json\/wp\/v2\/comments?post=4778"}],"version-history":[{"count":2,"href":"https:\/\/lacooperativechoregraphique.org\/index.php\/wp-json\/wp\/v2\/pages\/4778\/revisions"}],"predecessor-version":[{"id":4860,"href":"https:\/\/lacooperativechoregraphique.org\/index.php\/wp-json\/wp\/v2\/pages\/4778\/revisions\/4860"}],"wp:attachment":[{"href":"https:\/\/lacooperativechoregraphique.org\/index.php\/wp-json\/wp\/v2\/media?parent=4778"}],"curies":[{"name":"wp","href":"https:\/\/api.w.org\/{rel}","templated":true}]}}