{"id":62,"date":"2020-02-15T17:05:47","date_gmt":"2020-02-15T16:05:47","guid":{"rendered":"http:\/\/lacooperativechoregraphique.org\/?page_id=62"},"modified":"2026-04-16T02:54:28","modified_gmt":"2026-04-16T00:54:28","slug":"a-propos-2","status":"publish","type":"page","link":"http:\/\/lacooperativechoregraphique.org\/index.php\/a-propos-2\/","title":{"rendered":"LA COOP\u00c9RATIVE CHOR\u00c9GRAPHIQUE"},"content":{"rendered":"\n<h3 class=\"wp-block-heading has-text-align-center\"><strong>ACTION<\/strong><\/h3>\n\n\n\n<p class=\"has-extra-small-font-size\">Depuis 2019, La Coop\u00e9rative Chor\u00e9graphique est un lieu d\u00e9di\u00e9 \u00e0 la recherche, \u00e0 l\u2019exp\u00e9rimentation et \u00e0 la cr\u00e9ation, ouvert \u00e0 toutes et \u00e0 tous, au c\u0153ur de la ville, toute l&rsquo;ann\u00e9e.<br><br>Nous accueillons des artistes, des compagnies, des collectifs, des chercheurs et toutes sortes de projets hybrides en r\u00e9sidence, nous ouvrons des ateliers chor\u00e9graphiques, nous produisons le festival Morpho, des conf\u00e9rences, des concerts, des projections, des spectacles, etc. <br><br>Notre action repose sur un principe d&rsquo;hospitalit\u00e9 qui relie le local \u00e0 l&rsquo;international, le grand et le petit, le d\u00e9but et la fin, dans une forme singuli\u00e8re de permanence artistique. <br><br>La Coop\u00e9rative Chor\u00e9graphique est un lieu rare et atypique, enti\u00e8rement d\u00e9di\u00e9 \u00e0 la recherche, au d\u00e9veloppement et \u00e0 la cr\u00e9ation dans les pratiques artistiques et chor\u00e9graphiques contemporaines, radicalement tourn\u00e9e vers la rencontre et la proximit\u00e9 des artistes et du public. <br><br>Notre action repose sur une \u00e9thique de l\u2019alt\u00e9rit\u00e9, de l\u2019attention et de la curiosit\u00e9.<br><br><\/p>\n\n\n\n<figure class=\"wp-block-gallery has-nested-images columns-default is-cropped wp-block-gallery-1 is-layout-flex wp-block-gallery-is-layout-flex\">\n<figure class=\"wp-block-image size-full\"><img loading=\"lazy\" decoding=\"async\" width=\"683\" height=\"657\" data-id=\"5714\" src=\"https:\/\/lacooperativechoregraphique.org\/wp-content\/uploads\/2022\/07\/ok.png\" alt=\"\" class=\"wp-image-5714\" srcset=\"http:\/\/lacooperativechoregraphique.org\/wp-content\/uploads\/2022\/07\/ok.png 683w, http:\/\/lacooperativechoregraphique.org\/wp-content\/uploads\/2022\/07\/ok-300x289.png 300w, http:\/\/lacooperativechoregraphique.org\/wp-content\/uploads\/2022\/07\/ok-499x480.png 499w, http:\/\/lacooperativechoregraphique.org\/wp-content\/uploads\/2022\/07\/ok-520x500.png 520w\" sizes=\"auto, (max-width: 683px) 100vw, 683px\" \/><\/figure>\n\n\n\n<figure class=\"wp-block-image size-full\"><img loading=\"lazy\" decoding=\"async\" width=\"1604\" height=\"1535\" data-id=\"5723\" src=\"http:\/\/lacooperativechoregraphique.org\/wp-content\/uploads\/2022\/07\/VICTOIRE.png\" alt=\"\" class=\"wp-image-5723\" srcset=\"http:\/\/lacooperativechoregraphique.org\/wp-content\/uploads\/2022\/07\/VICTOIRE.png 1604w, http:\/\/lacooperativechoregraphique.org\/wp-content\/uploads\/2022\/07\/VICTOIRE-300x287.png 300w, http:\/\/lacooperativechoregraphique.org\/wp-content\/uploads\/2022\/07\/VICTOIRE-1024x980.png 1024w, http:\/\/lacooperativechoregraphique.org\/wp-content\/uploads\/2022\/07\/VICTOIRE-768x735.png 768w, http:\/\/lacooperativechoregraphique.org\/wp-content\/uploads\/2022\/07\/VICTOIRE-502x480.png 502w, http:\/\/lacooperativechoregraphique.org\/wp-content\/uploads\/2022\/07\/VICTOIRE-522x500.png 522w, http:\/\/lacooperativechoregraphique.org\/wp-content\/uploads\/2022\/07\/VICTOIRE-1536x1470.png 1536w, http:\/\/lacooperativechoregraphique.org\/wp-content\/uploads\/2022\/07\/VICTOIRE-1568x1501.png 1568w\" sizes=\"auto, (max-width: 1604px) 100vw, 1604px\" \/><\/figure>\n\n\n\n<figure class=\"wp-block-image size-full\"><img loading=\"lazy\" decoding=\"async\" width=\"2560\" height=\"1707\" data-id=\"6733\" src=\"http:\/\/lacooperativechoregraphique.org\/wp-content\/uploads\/2024\/11\/DSCF6386-scaled.jpg\" alt=\"\" class=\"wp-image-6733\" srcset=\"http:\/\/lacooperativechoregraphique.org\/wp-content\/uploads\/2024\/11\/DSCF6386-scaled.jpg 2560w, http:\/\/lacooperativechoregraphique.org\/wp-content\/uploads\/2024\/11\/DSCF6386-300x200.jpg 300w, http:\/\/lacooperativechoregraphique.org\/wp-content\/uploads\/2024\/11\/DSCF6386-1024x683.jpg 1024w, http:\/\/lacooperativechoregraphique.org\/wp-content\/uploads\/2024\/11\/DSCF6386-768x512.jpg 768w, http:\/\/lacooperativechoregraphique.org\/wp-content\/uploads\/2024\/11\/DSCF6386-640x426.jpg 640w, http:\/\/lacooperativechoregraphique.org\/wp-content\/uploads\/2024\/11\/DSCF6386-750x500.jpg 750w, http:\/\/lacooperativechoregraphique.org\/wp-content\/uploads\/2024\/11\/DSCF6386-555x369.jpg 555w, http:\/\/lacooperativechoregraphique.org\/wp-content\/uploads\/2024\/11\/DSCF6386-1536x1024.jpg 1536w, http:\/\/lacooperativechoregraphique.org\/wp-content\/uploads\/2024\/11\/DSCF6386-2048x1366.jpg 2048w, http:\/\/lacooperativechoregraphique.org\/wp-content\/uploads\/2024\/11\/DSCF6386-1568x1045.jpg 1568w\" sizes=\"auto, (max-width: 2560px) 100vw, 2560px\" \/><\/figure>\n\n\n\n<figure class=\"wp-block-image size-full\"><img loading=\"lazy\" decoding=\"async\" width=\"2529\" height=\"2560\" data-id=\"6182\" src=\"https:\/\/lacooperativechoregraphique.org\/wp-content\/uploads\/2023\/07\/HORIZOM_Visuel_IRIS-2-scaled.jpg\" alt=\"\" class=\"wp-image-6182\" srcset=\"http:\/\/lacooperativechoregraphique.org\/wp-content\/uploads\/2023\/07\/HORIZOM_Visuel_IRIS-2-scaled.jpg 2529w, http:\/\/lacooperativechoregraphique.org\/wp-content\/uploads\/2023\/07\/HORIZOM_Visuel_IRIS-2-296x300.jpg 296w, http:\/\/lacooperativechoregraphique.org\/wp-content\/uploads\/2023\/07\/HORIZOM_Visuel_IRIS-2-1012x1024.jpg 1012w, http:\/\/lacooperativechoregraphique.org\/wp-content\/uploads\/2023\/07\/HORIZOM_Visuel_IRIS-2-768x777.jpg 768w, http:\/\/lacooperativechoregraphique.org\/wp-content\/uploads\/2023\/07\/HORIZOM_Visuel_IRIS-2-474x480.jpg 474w, http:\/\/lacooperativechoregraphique.org\/wp-content\/uploads\/2023\/07\/HORIZOM_Visuel_IRIS-2-494x500.jpg 494w, http:\/\/lacooperativechoregraphique.org\/wp-content\/uploads\/2023\/07\/HORIZOM_Visuel_IRIS-2-1518x1536.jpg 1518w, http:\/\/lacooperativechoregraphique.org\/wp-content\/uploads\/2023\/07\/HORIZOM_Visuel_IRIS-2-2023x2048.jpg 2023w, http:\/\/lacooperativechoregraphique.org\/wp-content\/uploads\/2023\/07\/HORIZOM_Visuel_IRIS-2-1568x1587.jpg 1568w\" sizes=\"auto, (max-width: 2529px) 100vw, 2529px\" \/><\/figure>\n\n\n\n<figure class=\"wp-block-image size-full\"><img loading=\"lazy\" decoding=\"async\" width=\"889\" height=\"853\" data-id=\"5727\" src=\"http:\/\/lacooperativechoregraphique.org\/wp-content\/uploads\/2022\/07\/LOUVE.png\" alt=\"\" class=\"wp-image-5727\" srcset=\"http:\/\/lacooperativechoregraphique.org\/wp-content\/uploads\/2022\/07\/LOUVE.png 889w, http:\/\/lacooperativechoregraphique.org\/wp-content\/uploads\/2022\/07\/LOUVE-300x288.png 300w, http:\/\/lacooperativechoregraphique.org\/wp-content\/uploads\/2022\/07\/LOUVE-768x737.png 768w, http:\/\/lacooperativechoregraphique.org\/wp-content\/uploads\/2022\/07\/LOUVE-500x480.png 500w, http:\/\/lacooperativechoregraphique.org\/wp-content\/uploads\/2022\/07\/LOUVE-521x500.png 521w\" sizes=\"auto, (max-width: 889px) 100vw, 889px\" \/><\/figure>\n<\/figure>\n\n\n\n<p class=\"has-text-align-right\" style=\"font-size:12px\"><em>Damiano Fo\u00e0, Moi Peau, Lyc\u00e9ens de l&rsquo;option art-danse de Falaise, S\u00e9verine Riem, La Louve &#8211; 2020\/24<\/em><\/p>\n\n\n\n<p class=\"has-extra-small-font-size\"><br><\/p>\n\n\n\n<h3 class=\"wp-block-heading has-text-align-center\"><strong>\u00c9QUIPE<\/strong><\/h3>\n\n\n\n<p class=\"has-text-align-center\" style=\"font-size:16px\">Administrateur : Alexandre Le Petit<br>Charg\u00e9e de production : Cl\u00e9mence Menguy<br>Responsable technique : Damiano Fo\u00e0<br>R\u00e9gie g\u00e9n\u00e9rale : Thierry Lagadu<br>Communication et r\u00e9seaux : Flora Pilet &amp; Marie-Pierre Bourdier<br>Comptabilit\u00e9 : cabinet Eric Douchin<br>Gestion : Auditorium<\/p>\n\n\n\n<h6 class=\"wp-block-heading has-text-align-center\">COMPAGNIES FONDATRICES<\/h6>\n\n\n\n<p class=\"has-text-align-center ticss-c445bb37\" style=\"font-size:16px\"><a href=\"https:\/\/cie-noesis.org\/\">Noesis<\/a>, <a href=\"https:\/\/silenda.fr\/\">Silenda<\/a>, <a href=\"https:\/\/www.kashyl.com\/\">Kashyl<\/a>, <a href=\"http:\/\/www.ciemoipeau.com\/\">Moi Peau<\/a><\/p>\n\n\n\n<h6 class=\"wp-block-heading has-text-align-center\">ACCUEILS &amp; ADH\u00c9RENTS 2025-2026<\/h6>\n\n\n\n<p class=\"has-text-align-left has-extra-small-font-size\">Cie Portes \u00e0 Flot(s), Louise de Bastier, Cie Tada-Ch\u00e9rie \/ Ga\u00eblle Mangin, Collectif V.I.D.D.A, Cie Kamamuta, Bryan Campbell, Marc Euvrie, Sangre de Muerdago, Aurora \u2013 ch\u0153ur de femmes, Didier Ambact, Emilie Philippot, Alexandra Damasse, Maya M. Carroll, Cie Obaluae \/ Susy Chetteau, Cie Nuit Cheloue \/ Chlo\u00e9 Kazemzadegan, Festival ]interstice[ , Collectif Washing Washing, Cie Eteile, Cie Noesis, Cie Silenda, Cie Kashyl, Cie Moi Peau, Cie Eteile, Agatha Maszkiewicz, Marie Desoubeau, Marie-Elsa Patarin, D\u00e9borah Lennie &amp; Patrice Grente \/ For Want of a Better, Cie Parc, Cie Ellaya, Collectif Contre Club, S\u00e9verine Rieme, Leandro Villaviciencio (&#8230;)<\/p>\n\n\n\n<h6 class=\"wp-block-heading has-text-align-center has-extra-small-font-size\"><strong>LA COOP\u00c9RATIVE CHOR\u00c9GRAPHIQUE<\/strong><br>S\u00e9pulcre &#8211; 9, rue Leroy<br>14000 Caen<\/h6>\n\n\n\n<p><\/p>\n","protected":false},"excerpt":{"rendered":"<p>ACTION Depuis 2019, La Coop\u00e9rative Chor\u00e9graphique est un lieu d\u00e9di\u00e9 \u00e0 la recherche, \u00e0 l\u2019exp\u00e9rimentation et \u00e0 la cr\u00e9ation, ouvert \u00e0 toutes et \u00e0 tous, au c\u0153ur de la ville, toute l&rsquo;ann\u00e9e. Nous accueillons des artistes, des compagnies, des collectifs, des chercheurs et toutes sortes de projets hybrides en r\u00e9sidence, nous ouvrons des ateliers chor\u00e9graphiques,&hellip; <a class=\"more-link\" href=\"http:\/\/lacooperativechoregraphique.org\/index.php\/a-propos-2\/\">Poursuivre la lecture <span class=\"screen-reader-text\">LA COOP\u00c9RATIVE CHOR\u00c9GRAPHIQUE<\/span><\/a><\/p>\n","protected":false},"author":1,"featured_media":0,"parent":0,"menu_order":0,"comment_status":"closed","ping_status":"closed","template":"","meta":{"footnotes":""},"class_list":["post-62","page","type-page","status-publish","hentry","entry"],"_links":{"self":[{"href":"http:\/\/lacooperativechoregraphique.org\/index.php\/wp-json\/wp\/v2\/pages\/62","targetHints":{"allow":["GET"]}}],"collection":[{"href":"http:\/\/lacooperativechoregraphique.org\/index.php\/wp-json\/wp\/v2\/pages"}],"about":[{"href":"http:\/\/lacooperativechoregraphique.org\/index.php\/wp-json\/wp\/v2\/types\/page"}],"author":[{"embeddable":true,"href":"http:\/\/lacooperativechoregraphique.org\/index.php\/wp-json\/wp\/v2\/users\/1"}],"replies":[{"embeddable":true,"href":"http:\/\/lacooperativechoregraphique.org\/index.php\/wp-json\/wp\/v2\/comments?post=62"}],"version-history":[{"count":87,"href":"http:\/\/lacooperativechoregraphique.org\/index.php\/wp-json\/wp\/v2\/pages\/62\/revisions"}],"predecessor-version":[{"id":7175,"href":"http:\/\/lacooperativechoregraphique.org\/index.php\/wp-json\/wp\/v2\/pages\/62\/revisions\/7175"}],"wp:attachment":[{"href":"http:\/\/lacooperativechoregraphique.org\/index.php\/wp-json\/wp\/v2\/media?parent=62"}],"curies":[{"name":"wp","href":"https:\/\/api.w.org\/{rel}","templated":true}]}}