{"id":5695,"date":"2022-07-23T16:02:28","date_gmt":"2022-07-23T14:02:28","guid":{"rendered":"http:\/\/lacooperativechoregraphique.org\/?page_id=5695"},"modified":"2022-11-28T22:07:27","modified_gmt":"2022-11-28T21:07:27","slug":"morpho-3-2","status":"publish","type":"page","link":"http:\/\/lacooperativechoregraphique.org\/index.php\/morpho-3-2\/","title":{"rendered":"MORPHO 2022"},"content":{"rendered":"\n<h3 class=\"has-text-align-center wp-block-heading\">DU 23 AU 25 SEPTEMBRE 2022<\/h3>\n\n\n\n<figure class=\"wp-block-image size-large\"><img loading=\"lazy\" decoding=\"async\" width=\"727\" height=\"1024\" src=\"http:\/\/lacooperativechoregraphique.org\/wp-content\/uploads\/2022\/09\/Morpho-print-ok-2-727x1024.jpg\" alt=\"\" class=\"wp-image-5752\" srcset=\"http:\/\/lacooperativechoregraphique.org\/wp-content\/uploads\/2022\/09\/Morpho-print-ok-2-727x1024.jpg 727w, http:\/\/lacooperativechoregraphique.org\/wp-content\/uploads\/2022\/09\/Morpho-print-ok-2-213x300.jpg 213w, http:\/\/lacooperativechoregraphique.org\/wp-content\/uploads\/2022\/09\/Morpho-print-ok-2-768x1082.jpg 768w, http:\/\/lacooperativechoregraphique.org\/wp-content\/uploads\/2022\/09\/Morpho-print-ok-2-341x480.jpg 341w, http:\/\/lacooperativechoregraphique.org\/wp-content\/uploads\/2022\/09\/Morpho-print-ok-2-355x500.jpg 355w, http:\/\/lacooperativechoregraphique.org\/wp-content\/uploads\/2022\/09\/Morpho-print-ok-2-1090x1536.jpg 1090w, http:\/\/lacooperativechoregraphique.org\/wp-content\/uploads\/2022\/09\/Morpho-print-ok-2-scaled.jpg 1817w\" sizes=\"auto, (max-width: 727px) 100vw, 727px\" \/><\/figure>\n\n\n\n<p class=\"has-text-align-center has-extra-small-font-size\">Avec Noesis &#8211; Flora Pilet &amp; Alexandre Le Petit, Olga Dukhovnaya, La Bazooka &#8211; Sarah Cr\u00e9pin &amp; Etienne Cuppens, Moi Peau &#8211; S\u00e9bastien Laurent, Fulgeance, P\u00e9rig Villerbu, Collectif SNT, Kashyl &nbsp;&#8211; Ashley Chen, Pierre Le Bourgeois &amp; Mai Ishiwata, Margot Dorl\u00e9ans, La Louve &#8211; Christine Armanger, Silenda &#8211; Laura Simi &amp; Damiano Fo\u00e0, Florence Loison &amp; S\u00e9lim Ben Safia, L&rsquo;essor de Falaise et les \u00e9l\u00e8ves de terminale option danse du Lyc\u00e9e Guillaume Le conqu\u00e9rant de Falaise.<\/p>\n\n\n\n<div class=\"wp-block-buttons is-layout-flex wp-block-buttons-is-layout-flex\">\n<div class=\"wp-block-button has-custom-width wp-block-button__width-100 is-style-fill\"><a class=\"wp-block-button__link wp-element-button\" href=\"http:\/\/lacooperativechoregraphique.org\/index.php\/morpho-3\/\">PROGRAMME<\/a><\/div>\n\n\n\n<div class=\"wp-block-button has-custom-width wp-block-button__width-100\"><a class=\"wp-block-button__link wp-element-button\" href=\"https:\/\/lacooperativechoregraphique.org\/morpho2022_video\/morpho2022.mp4\" target=\"_blank\" rel=\"noreferrer noopener\">VID\u00c9O<\/a><\/div>\n<\/div>\n\n\n\n<div class=\"wp-block-group\"><div class=\"wp-block-group__inner-container is-layout-flow wp-block-group-is-layout-flow\">\n<div class=\"wp-block-columns is-layout-flex wp-container-core-columns-is-layout-9d6595d7 wp-block-columns-is-layout-flex\">\n<div class=\"wp-block-column is-layout-flow wp-block-column-is-layout-flow\" style=\"flex-basis:100%\">\n<h2 class=\"has-text-align-center wp-block-heading\"><strong>OUVERTURE DU FESTIVAL<\/strong><\/h2>\n\n\n\n<h3 class=\"has-text-align-center wp-block-heading\"><strong>VENDREDI 23 SEPTEMBRE &#8211; 19H<\/strong><\/h3>\n\n\n\n<p class=\"has-text-align-center\"> &gt; jardin<\/p>\n\n\n\n<p class=\"has-text-align-center\"><strong>BAR <strong>SUR PLACE<\/strong><\/strong> + <strong>RESTAURATION AVEC CHEF MITCHEY<\/strong><\/p>\n\n\n\n<p class=\"has-text-align-center has-extra-small-font-size\">TARIF : 7\u20ac \/ 4\u20ac (ch\u00f4meurs, \u00e9tudiants)<br>BALADE SENSIBLE DIMANCHE 25 de 10h \u00e0 12h &nbsp;: 10 \u20ac<\/p>\n<\/div>\n<\/div>\n<\/div><\/div>\n\n\n\n<hr class=\"wp-block-separator has-alpha-channel-opacity\"\/>\n\n\n\n<p class=\"has-text-align-center has-extra-small-font-size\"><strong>LA COOP\u00c9RATIVE CHOR\u00c9GRAPHIQUE<\/strong><\/p>\n\n\n\n<p class=\"has-text-align-center has-extra-small-font-size\">S\u00e9pulcre<br>7, rue Leroy \u2013 CAEN<\/p>\n\n\n\n<figure class=\"wp-block-image size-large\"><img loading=\"lazy\" decoding=\"async\" width=\"1024\" height=\"724\" src=\"http:\/\/lacooperativechoregraphique.org\/wp-content\/uploads\/2022\/09\/plan-lcc-morpho-1-1024x724.jpg\" alt=\"\" class=\"wp-image-5820\" srcset=\"http:\/\/lacooperativechoregraphique.org\/wp-content\/uploads\/2022\/09\/plan-lcc-morpho-1-1024x724.jpg 1024w, http:\/\/lacooperativechoregraphique.org\/wp-content\/uploads\/2022\/09\/plan-lcc-morpho-1-300x212.jpg 300w, http:\/\/lacooperativechoregraphique.org\/wp-content\/uploads\/2022\/09\/plan-lcc-morpho-1-768x543.jpg 768w, http:\/\/lacooperativechoregraphique.org\/wp-content\/uploads\/2022\/09\/plan-lcc-morpho-1-640x453.jpg 640w, http:\/\/lacooperativechoregraphique.org\/wp-content\/uploads\/2022\/09\/plan-lcc-morpho-1-707x500.jpg 707w, http:\/\/lacooperativechoregraphique.org\/wp-content\/uploads\/2022\/09\/plan-lcc-morpho-1.jpg 1403w\" sizes=\"auto, (max-width: 1024px) 100vw, 1024px\" \/><\/figure>\n","protected":false},"excerpt":{"rendered":"<p>DU 23 AU 25 SEPTEMBRE 2022 Avec Noesis &#8211; Flora Pilet &amp; Alexandre Le Petit, Olga Dukhovnaya, La Bazooka &#8211; Sarah Cr\u00e9pin &amp; Etienne Cuppens, Moi Peau &#8211; S\u00e9bastien Laurent, Fulgeance, P\u00e9rig Villerbu, Collectif SNT, Kashyl &nbsp;&#8211; Ashley Chen, Pierre Le Bourgeois &amp; Mai Ishiwata, Margot Dorl\u00e9ans, La Louve &#8211; Christine Armanger, Silenda &#8211; Laura&hellip; <a class=\"more-link\" href=\"http:\/\/lacooperativechoregraphique.org\/index.php\/morpho-3-2\/\">Poursuivre la lecture <span class=\"screen-reader-text\">MORPHO 2022<\/span><\/a><\/p>\n","protected":false},"author":1,"featured_media":0,"parent":0,"menu_order":0,"comment_status":"closed","ping_status":"closed","template":"","meta":{"footnotes":""},"class_list":["post-5695","page","type-page","status-publish","hentry","entry"],"_links":{"self":[{"href":"http:\/\/lacooperativechoregraphique.org\/index.php\/wp-json\/wp\/v2\/pages\/5695","targetHints":{"allow":["GET"]}}],"collection":[{"href":"http:\/\/lacooperativechoregraphique.org\/index.php\/wp-json\/wp\/v2\/pages"}],"about":[{"href":"http:\/\/lacooperativechoregraphique.org\/index.php\/wp-json\/wp\/v2\/types\/page"}],"author":[{"embeddable":true,"href":"http:\/\/lacooperativechoregraphique.org\/index.php\/wp-json\/wp\/v2\/users\/1"}],"replies":[{"embeddable":true,"href":"http:\/\/lacooperativechoregraphique.org\/index.php\/wp-json\/wp\/v2\/comments?post=5695"}],"version-history":[{"count":30,"href":"http:\/\/lacooperativechoregraphique.org\/index.php\/wp-json\/wp\/v2\/pages\/5695\/revisions"}],"predecessor-version":[{"id":6036,"href":"http:\/\/lacooperativechoregraphique.org\/index.php\/wp-json\/wp\/v2\/pages\/5695\/revisions\/6036"}],"wp:attachment":[{"href":"http:\/\/lacooperativechoregraphique.org\/index.php\/wp-json\/wp\/v2\/media?parent=5695"}],"curies":[{"name":"wp","href":"https:\/\/api.w.org\/{rel}","templated":true}]}}