{"id":5512,"date":"2022-02-28T18:10:17","date_gmt":"2022-02-28T17:10:17","guid":{"rendered":"http:\/\/lacooperativechoregraphique.org\/?page_id=5512"},"modified":"2022-02-28T18:10:17","modified_gmt":"2022-02-28T17:10:17","slug":"soiree-rever-lobscur","status":"publish","type":"page","link":"http:\/\/lacooperativechoregraphique.org\/index.php\/soiree-rever-lobscur\/","title":{"rendered":"SOIR\u00c9E R\u00caVER L&rsquo;OBSCUR"},"content":{"rendered":"\n<div class=\"wp-block-columns is-layout-flex wp-container-core-columns-is-layout-9d6595d7 wp-block-columns-is-layout-flex\">\n<div class=\"wp-block-column is-layout-flow wp-block-column-is-layout-flow\" style=\"flex-basis:100%\">\n<p class=\"has-text-align-left has-small-font-size\">Dans le cadre de la journ\u00e9e internationale du droit des femmes, La COOP\u00c9RATIVE CHOR\u00c9GRAPHIQUE s&rsquo;associe avec le Papillon Noir Th\u00e9\u00e2tre, la Cie NOESIS et la compagnie B.A.L pour vous proposer une programmation o\u00f9 les femmes et l&rsquo;\u00e9co-f\u00e9minisme sont \u00e0 l&rsquo;honneur.<\/p>\n\n\n\n<h2 class=\"wp-block-heading\">MARDI 8 MARS 2022<\/h2>\n\n\n\n<p><strong>OUVERTURE DES PORTES \u00e0 19h30<\/strong><\/p>\n<\/div>\n<\/div>\n\n\n\n<div class=\"wp-block-buttons is-layout-flex wp-block-buttons-is-layout-flex\">\n<div class=\"wp-block-button\"><a class=\"wp-block-button__link\" href=\"https:\/\/www.helloasso.com\/associations\/papillon-noir-theatre\/evenements\/ec-h-os\">R\u00c9SERVATIONS<\/a><\/div>\n<\/div>\n\n\n\n<h2 class=\"wp-block-heading\"><strong>20h<\/strong><\/h2>\n\n\n\n<h2 class=\"wp-block-heading\">EC(h)Os <\/h2>\n\n\n\n<p>CIE NOESIS <\/p>\n\n\n\n<div class=\"wp-block-group\"><div class=\"wp-block-group__inner-container is-layout-flow wp-block-group-is-layout-flow\">\n<figure class=\"wp-block-image size-full\"><img loading=\"lazy\" decoding=\"async\" width=\"990\" height=\"654\" src=\"http:\/\/lacooperativechoregraphique.org\/wp-content\/uploads\/2022\/02\/ECHO-COM.jpg\" alt=\"\" class=\"wp-image-5513\" srcset=\"http:\/\/lacooperativechoregraphique.org\/wp-content\/uploads\/2022\/02\/ECHO-COM.jpg 990w, http:\/\/lacooperativechoregraphique.org\/wp-content\/uploads\/2022\/02\/ECHO-COM-300x198.jpg 300w, http:\/\/lacooperativechoregraphique.org\/wp-content\/uploads\/2022\/02\/ECHO-COM-768x507.jpg 768w, http:\/\/lacooperativechoregraphique.org\/wp-content\/uploads\/2022\/02\/ECHO-COM-640x423.jpg 640w, http:\/\/lacooperativechoregraphique.org\/wp-content\/uploads\/2022\/02\/ECHO-COM-757x500.jpg 757w, http:\/\/lacooperativechoregraphique.org\/wp-content\/uploads\/2022\/02\/ECHO-COM-172x113.jpg 172w\" sizes=\"auto, (max-width: 990px) 100vw, 990px\" \/><figcaption>cr\u00e9dit photo : Virginie Meign\u00e9<\/figcaption><\/figure>\n<\/div><\/div>\n\n\n\n<p class=\"has-text-align-left has-small-font-size\">\u00c9C(h)Os, est une pi\u00e8ce chor\u00e9graphique pour trois interpr\u00e8tes femmes au plateau. La pi\u00e8ce est pens\u00e9e comme un rituel de r\u00e9paration que les danseuses construisent ensemble \u00e0 l\u2019aide d\u2019une sc\u00e9nographie compos\u00e9e de branches d\u2019arbres s\u00e8ches recouvertes de laque dor\u00e9e.<\/p>\n\n\n\n<p class=\"has-text-align-left has-small-font-size\"><br>R\u00e9parer \u00c9cho, lui redonner un corps comme une fa\u00e7on de r\u00e9-inventer le n\u00f4tre, entendre \u00e0 nouveau sa voix comme un chant vibrant sur nos propres l\u00e8vres, c\u2019est accepter de visiter nos parts d\u2019ombre et ne plus avoir peur de la perte, c\u2019est se re-cr\u00e9er soi-m\u00eame, pour et par l\u2019inatteignable autrui.<\/p>\n\n\n\n<p class=\"has-text-align-left has-small-font-size\"><br>Au c\u0153ur de la for\u00eat, au milieu des arbres et des oiseaux, des cr\u00e9atures chim\u00e9riques r\u00e9-\u00e9crivent leur propre histoire du d\u00e9sir<br><br><strong>Conception : Flora Pilet<\/strong><br><strong>Chor\u00e9graphie &amp; dramaturgie : Flora Pilet &amp; Alexandre Le Petit<br>Avec : Marie-Ananda Gilavert, Lara Gouix, M\u00e9lanie Giffard<\/strong><br><strong>Cr\u00e9ation sonore : Alexandre Le Petit<br>Cr\u00e9ation lumi\u00e8re : Alexandre Le Petit &amp; Flora Pilet<\/strong><\/p>\n\n\n\n<p class=\"has-text-align-left has-extra-small-font-size\">PRODUCTION : NOESIS COPRODUCTION\u00a0: Chor\u00e8ge \/ CDCN Falaise Normandie, 2Angles Relais Culturel,Ville de Caen dans le cadre de la r\u00e9sidence avec la maison de quartier St Jean-Eudes. ACCUEILS EN RESIDENCE\u00a0: L\u2019\u00e9tincelle, Th\u00e9\u00e2tre(s) de la Ville de Rouen, Papillon Noir Th\u00e9\u00e2tre, Caen, La Coop\u00e9rative Chor\u00e9graphique, Caen, Centre Chor\u00e9graphique National de Caen en Normandie Le projet est subventionn\u00e9 par la DRAC Normandie, la R\u00e9gion Normandie, le D\u00e9partement du Calvados et la ville de Caen.<\/p>\n\n\n\n<p class=\"has-text-align-left has-extra-small-font-size\"><br><\/p>\n\n\n\n<h2 class=\"wp-block-heading\">21h<\/h2>\n\n\n\n<h2 class=\"wp-block-heading\">D\u00c9ESSES<\/h2>\n\n\n\n<p>Cie B.A.L<\/p>\n\n\n\n<figure class=\"wp-block-image size-large\"><img loading=\"lazy\" decoding=\"async\" width=\"1024\" height=\"681\" src=\"http:\/\/lacooperativechoregraphique.org\/wp-content\/uploads\/2022\/02\/107082953_2016190415224025_6091463301005638324_n-1024x681.jpg\" alt=\"\" class=\"wp-image-5514\" srcset=\"http:\/\/lacooperativechoregraphique.org\/wp-content\/uploads\/2022\/02\/107082953_2016190415224025_6091463301005638324_n-1024x681.jpg 1024w, http:\/\/lacooperativechoregraphique.org\/wp-content\/uploads\/2022\/02\/107082953_2016190415224025_6091463301005638324_n-300x200.jpg 300w, http:\/\/lacooperativechoregraphique.org\/wp-content\/uploads\/2022\/02\/107082953_2016190415224025_6091463301005638324_n-768x511.jpg 768w, http:\/\/lacooperativechoregraphique.org\/wp-content\/uploads\/2022\/02\/107082953_2016190415224025_6091463301005638324_n-640x426.jpg 640w, http:\/\/lacooperativechoregraphique.org\/wp-content\/uploads\/2022\/02\/107082953_2016190415224025_6091463301005638324_n-752x500.jpg 752w, http:\/\/lacooperativechoregraphique.org\/wp-content\/uploads\/2022\/02\/107082953_2016190415224025_6091463301005638324_n-172x113.jpg 172w, http:\/\/lacooperativechoregraphique.org\/wp-content\/uploads\/2022\/02\/107082953_2016190415224025_6091463301005638324_n-555x369.jpg 555w, http:\/\/lacooperativechoregraphique.org\/wp-content\/uploads\/2022\/02\/107082953_2016190415224025_6091463301005638324_n-1536x1022.jpg 1536w, http:\/\/lacooperativechoregraphique.org\/wp-content\/uploads\/2022\/02\/107082953_2016190415224025_6091463301005638324_n-1568x1043.jpg 1568w, http:\/\/lacooperativechoregraphique.org\/wp-content\/uploads\/2022\/02\/107082953_2016190415224025_6091463301005638324_n.jpg 2048w\" sizes=\"auto, (max-width: 1024px) 100vw, 1024px\" \/><figcaption>cr\u00e9dit photo : CIE B.A.L<\/figcaption><\/figure>\n\n\n\n<p class=\"has-small-font-size\"><em>D\u00e9esses<\/em> est un duo f\u00e9minin qui s\u2019articule autour du r\u00e9cit de la Women\u2019s Pentagon Action, action \u00e9cof\u00e9ministe de grande ampleur, qui a eu lieu \u00e0 Washington en 1980. <\/p>\n\n\n\n<p class=\"has-small-font-size\">Les deux com\u00e9diennes explorent avec joie, col\u00e8re et humour les probl\u00e9matiques soulev\u00e9es par ce mouvement politique, et plus g\u00e9n\u00e9ralement l\u2019Histoire et la m\u00e9moire des luttes politiques et du f\u00e9minisme. \u00a0 <\/p>\n\n\n\n<p class=\"has-small-font-size\">Elles cherchent \u00e0 renouer avec cette histoire, la partager, et trouver leur voie, aujourd\u2019hui, et ici.<br><br><strong>De et avec : Rebecca Fels et Pauline Letourneur<\/strong> \u00a0 <\/p>\n\n\n\n<p><\/p>\n","protected":false},"excerpt":{"rendered":"<p>Dans le cadre de la journ\u00e9e internationale du droit des femmes, La COOP\u00c9RATIVE CHOR\u00c9GRAPHIQUE s&rsquo;associe avec le Papillon Noir Th\u00e9\u00e2tre, la Cie NOESIS et la compagnie B.A.L pour vous proposer une programmation o\u00f9 les femmes et l&rsquo;\u00e9co-f\u00e9minisme sont \u00e0 l&rsquo;honneur. MARDI 8 MARS 2022 OUVERTURE DES PORTES \u00e0 19h30 20h EC(h)Os CIE NOESIS \u00c9C(h)Os, est&hellip; <a class=\"more-link\" href=\"http:\/\/lacooperativechoregraphique.org\/index.php\/soiree-rever-lobscur\/\">Poursuivre la lecture <span class=\"screen-reader-text\">SOIR\u00c9E R\u00caVER L&rsquo;OBSCUR<\/span><\/a><\/p>\n","protected":false},"author":1,"featured_media":0,"parent":0,"menu_order":0,"comment_status":"closed","ping_status":"closed","template":"","meta":{"footnotes":""},"class_list":["post-5512","page","type-page","status-publish","hentry","entry"],"_links":{"self":[{"href":"http:\/\/lacooperativechoregraphique.org\/index.php\/wp-json\/wp\/v2\/pages\/5512","targetHints":{"allow":["GET"]}}],"collection":[{"href":"http:\/\/lacooperativechoregraphique.org\/index.php\/wp-json\/wp\/v2\/pages"}],"about":[{"href":"http:\/\/lacooperativechoregraphique.org\/index.php\/wp-json\/wp\/v2\/types\/page"}],"author":[{"embeddable":true,"href":"http:\/\/lacooperativechoregraphique.org\/index.php\/wp-json\/wp\/v2\/users\/1"}],"replies":[{"embeddable":true,"href":"http:\/\/lacooperativechoregraphique.org\/index.php\/wp-json\/wp\/v2\/comments?post=5512"}],"version-history":[{"count":1,"href":"http:\/\/lacooperativechoregraphique.org\/index.php\/wp-json\/wp\/v2\/pages\/5512\/revisions"}],"predecessor-version":[{"id":5515,"href":"http:\/\/lacooperativechoregraphique.org\/index.php\/wp-json\/wp\/v2\/pages\/5512\/revisions\/5515"}],"wp:attachment":[{"href":"http:\/\/lacooperativechoregraphique.org\/index.php\/wp-json\/wp\/v2\/media?parent=5512"}],"curies":[{"name":"wp","href":"https:\/\/api.w.org\/{rel}","templated":true}]}}