{"id":4896,"date":"2020-09-10T12:08:21","date_gmt":"2020-09-10T10:08:21","guid":{"rendered":"http:\/\/lacooperativechoregraphique.org\/?page_id=4896"},"modified":"2020-09-10T12:09:14","modified_gmt":"2020-09-10T10:09:14","slug":"pistes-kashyl-ashley-chen","status":"publish","type":"page","link":"http:\/\/lacooperativechoregraphique.org\/index.php\/pistes-kashyl-ashley-chen\/","title":{"rendered":"PISTES \/ Kashyl &#8211; Ashley Chen"},"content":{"rendered":"\n<figure class=\"wp-block-image size-large\"><img loading=\"lazy\" decoding=\"async\" width=\"1024\" height=\"640\" src=\"http:\/\/lacooperativechoregraphique.org\/wp-content\/uploads\/2020\/09\/sentiers2-1024x640.png\" alt=\"\" class=\"wp-image-4898\" srcset=\"http:\/\/lacooperativechoregraphique.org\/wp-content\/uploads\/2020\/09\/sentiers2-1024x640.png 1024w, http:\/\/lacooperativechoregraphique.org\/wp-content\/uploads\/2020\/09\/sentiers2-300x188.png 300w, http:\/\/lacooperativechoregraphique.org\/wp-content\/uploads\/2020\/09\/sentiers2-768x480.png 768w, http:\/\/lacooperativechoregraphique.org\/wp-content\/uploads\/2020\/09\/sentiers2.png 1440w\" sizes=\"auto, (max-width: 1024px) 100vw, 1024px\" \/><\/figure>\n\n\n\n<p> <strong>Labo #1: Pistes, sentiers, projet d&rsquo;un chemin<\/strong><\/p>\n\n\n\n<p> D&rsquo;un point de d\u00e9part jusqu&rsquo;\u00e0 un point d&rsquo;arriv\u00e9e, une personne chemine. Sans artifice, d\u00e9nu\u00e9 de toute influence, elle \u00e9volue le long d&rsquo;un parcours imagin\u00e9 et construit par d&rsquo;autres.  De A \u00e0 B, comment envisageront-ils ce chemin.&nbsp;<\/p>\n\n\n\n<p>\nUne\nroutine s\u2019installe sans \u00eatre jamais la m\u00eame chose, \u00e7a en devient\nd\u00e9routant.<\/p>\n\n\n\n<p> En laboratoire au TPE de Bezons, Ashley Chen a explor\u00e9 sur les diff\u00e9rentes mani\u00e8res d\u2019imaginer le parcours d\u2019un individu, cherchant \u00e0 montrer ainsi les vastes possibilit\u00e9s et la diversit\u00e9 imaginative de chacun.<\/p>\n\n\n\n<p><strong>Conception et interpr\u00e9tation<\/strong> : Ashley Chen<\/p>\n\n\n\n<p><strong>Dur\u00e9e <\/strong>: 25 min<\/p>\n","protected":false},"excerpt":{"rendered":"<p>Labo #1: Pistes, sentiers, projet d&rsquo;un chemin D&rsquo;un point de d\u00e9part jusqu&rsquo;\u00e0 un point d&rsquo;arriv\u00e9e, une personne chemine. Sans artifice, d\u00e9nu\u00e9 de toute influence, elle \u00e9volue le long d&rsquo;un parcours imagin\u00e9 et construit par d&rsquo;autres. De A \u00e0 B, comment envisageront-ils ce chemin.&nbsp; Une routine s\u2019installe sans \u00eatre jamais la m\u00eame chose, \u00e7a en devient&hellip; <a class=\"more-link\" href=\"http:\/\/lacooperativechoregraphique.org\/index.php\/pistes-kashyl-ashley-chen\/\">Poursuivre la lecture <span class=\"screen-reader-text\">PISTES \/ Kashyl &#8211; Ashley Chen<\/span><\/a><\/p>\n","protected":false},"author":1,"featured_media":0,"parent":0,"menu_order":0,"comment_status":"closed","ping_status":"closed","template":"","meta":{"footnotes":""},"class_list":["post-4896","page","type-page","status-publish","hentry","entry"],"_links":{"self":[{"href":"http:\/\/lacooperativechoregraphique.org\/index.php\/wp-json\/wp\/v2\/pages\/4896","targetHints":{"allow":["GET"]}}],"collection":[{"href":"http:\/\/lacooperativechoregraphique.org\/index.php\/wp-json\/wp\/v2\/pages"}],"about":[{"href":"http:\/\/lacooperativechoregraphique.org\/index.php\/wp-json\/wp\/v2\/types\/page"}],"author":[{"embeddable":true,"href":"http:\/\/lacooperativechoregraphique.org\/index.php\/wp-json\/wp\/v2\/users\/1"}],"replies":[{"embeddable":true,"href":"http:\/\/lacooperativechoregraphique.org\/index.php\/wp-json\/wp\/v2\/comments?post=4896"}],"version-history":[{"count":3,"href":"http:\/\/lacooperativechoregraphique.org\/index.php\/wp-json\/wp\/v2\/pages\/4896\/revisions"}],"predecessor-version":[{"id":4900,"href":"http:\/\/lacooperativechoregraphique.org\/index.php\/wp-json\/wp\/v2\/pages\/4896\/revisions\/4900"}],"wp:attachment":[{"href":"http:\/\/lacooperativechoregraphique.org\/index.php\/wp-json\/wp\/v2\/media?parent=4896"}],"curies":[{"name":"wp","href":"https:\/\/api.w.org\/{rel}","templated":true}]}}