{"id":4837,"date":"2020-09-09T18:17:29","date_gmt":"2020-09-09T16:17:29","guid":{"rendered":"http:\/\/lacooperativechoregraphique.org\/?page_id=4837"},"modified":"2020-09-09T19:09:12","modified_gmt":"2020-09-09T17:09:12","slug":"saccadit-et-le-chevalier-inexistant-olivier-renouf","status":"publish","type":"page","link":"http:\/\/lacooperativechoregraphique.org\/index.php\/saccadit-et-le-chevalier-inexistant-olivier-renouf\/","title":{"rendered":"SACCADIT ET LE CHEVALIER INEXISTANT"},"content":{"rendered":"\n<h2 class=\"has-text-align-center wp-block-heading\">Cie L&rsquo;Yeuse &#8211; Olivier Renouf<\/h2>\n\n\n\n<figure class=\"wp-block-image size-large\"><img loading=\"lazy\" decoding=\"async\" width=\"1024\" height=\"819\" src=\"http:\/\/lacooperativechoregraphique.org\/wp-content\/uploads\/2020\/09\/Photo-1-Saccadit-et-Le-chevalier-inexistant--1024x819.jpg\" alt=\"\" class=\"wp-image-4838\" srcset=\"http:\/\/lacooperativechoregraphique.org\/wp-content\/uploads\/2020\/09\/Photo-1-Saccadit-et-Le-chevalier-inexistant--1024x819.jpg 1024w, http:\/\/lacooperativechoregraphique.org\/wp-content\/uploads\/2020\/09\/Photo-1-Saccadit-et-Le-chevalier-inexistant--300x240.jpg 300w, http:\/\/lacooperativechoregraphique.org\/wp-content\/uploads\/2020\/09\/Photo-1-Saccadit-et-Le-chevalier-inexistant--768x615.jpg 768w, http:\/\/lacooperativechoregraphique.org\/wp-content\/uploads\/2020\/09\/Photo-1-Saccadit-et-Le-chevalier-inexistant--1536x1229.jpg 1536w, http:\/\/lacooperativechoregraphique.org\/wp-content\/uploads\/2020\/09\/Photo-1-Saccadit-et-Le-chevalier-inexistant--2048x1639.jpg 2048w\" sizes=\"auto, (max-width: 1024px) 100vw, 1024px\" \/><\/figure>\n\n\n\n<p><strong> Extrait de pi\u00e8ce  d\u00e8s 5 ans<\/strong>           <\/p>\n\n\n\n<p>Au d\u00e9part on entend le bruit d\u2019un crayon sur la page blanche, et la voix d\u2019une femme qui est en train d\u2019\u00e9crire. Invente-elle une histoire sortie de son imagination o\u00f9 est-elle en train de raconter ce qu\u2019elle voit\u00a0? Une chose est s\u00fbre, un dr\u00f4le de personnage va surgir, en qu\u00eate d\u2019existence et de transformations.<br> Librement inspir\u00e9 du roman <em>Le chevalier inexistant<\/em> d\u2019Italo Calvino, ce conte chor\u00e9graphique met en jeu, le corps, les mat\u00e9riaux et l\u2019imaginaire. A la mani\u00e8re d\u2019un \u00ab Jacques a dit \u00bb, le danseur se transmute, le paysage se compose et se recompose. Le voyage r\u00eav\u00e9 &#8211; un brin loufoque &#8211; de <em>Saccadit<\/em> d\u00e9file au son de la voix d\u2019Elise Caron et de la cr\u00e9ation sonore de Fred Costa.<\/p>\n\n\n\n<p><strong>DISTRIBUTION <\/strong>\n<\/p>\n\n\n\n<p> <strong>Chor\u00e9graphie, sc\u00e9nographie, cotume, et interpr\u00e9tation <\/strong>: Olivier Renouf<strong><br> Collaboration artistique\u00a0<\/strong>: Erika Zueneli<strong><br> Cr\u00e9ation vocale <\/strong>: \u00c9lise Caron<strong><br> Cr\u00e9ation sonore\u00a0<\/strong>: Fred Costa<br> <strong>Cr\u00e9ation Lumi\u00e8re\u00a0<\/strong>: Fran\u00e7oise Michel <br> <br> <strong>Cr\u00e9dits photo<\/strong>\u00a0: Muriel Delepont<\/p>\n\n\n\n<p><strong>Dur\u00e9e : 15 min<\/strong><\/p>\n\n\n\n<p>Production de la compagnie L\u2019Yeuse avec la coproduction du Th\u00e9\u00e2tre Berthelot (Montreuil). Avec le soutien de CAP \u00c9toile (coop\u00e9rative artistique de production conventionn\u00e9e par le Conseil G\u00e9n\u00e9ral de la Seine-Saint-Denis et la R\u00e9gion Ile-de-France et subventionn\u00e9e par la Ville de Montreuil), des Organismes vivants et de la SPE\u00adDIDAM. Avec les aides au projet de la D.R.A.C \u00cele-de-France \u2013 minist\u00e8re de la Culture et de la Communication et de la R\u00e9gion \u00cele-de-France. Projet accueilli en r\u00e9sidence au C.D.C.N La Briqueterie (Vitry-sur-Seine), au Th\u00e9\u00e2tre des Roches (Montreuil), au Th\u00e9\u00e2tre Le Pavillon (Ro\u00admainville) et au Parc Culturel Michel Chartier (Rentilly &#8211; Communaut\u00e9 d\u2019Agglom\u00e9ration de Marne et Gondoire).<\/p>\n","protected":false},"excerpt":{"rendered":"<p>Cie L&rsquo;Yeuse &#8211; Olivier Renouf Extrait de pi\u00e8ce d\u00e8s 5 ans Au d\u00e9part on entend le bruit d\u2019un crayon sur la page blanche, et la voix d\u2019une femme qui est en train d\u2019\u00e9crire. Invente-elle une histoire sortie de son imagination o\u00f9 est-elle en train de raconter ce qu\u2019elle voit\u00a0? Une chose est s\u00fbre, un dr\u00f4le&hellip; <a class=\"more-link\" href=\"http:\/\/lacooperativechoregraphique.org\/index.php\/saccadit-et-le-chevalier-inexistant-olivier-renouf\/\">Poursuivre la lecture <span class=\"screen-reader-text\">SACCADIT ET LE CHEVALIER INEXISTANT<\/span><\/a><\/p>\n","protected":false},"author":1,"featured_media":0,"parent":0,"menu_order":0,"comment_status":"closed","ping_status":"closed","template":"","meta":{"footnotes":""},"class_list":["post-4837","page","type-page","status-publish","hentry","entry"],"_links":{"self":[{"href":"http:\/\/lacooperativechoregraphique.org\/index.php\/wp-json\/wp\/v2\/pages\/4837","targetHints":{"allow":["GET"]}}],"collection":[{"href":"http:\/\/lacooperativechoregraphique.org\/index.php\/wp-json\/wp\/v2\/pages"}],"about":[{"href":"http:\/\/lacooperativechoregraphique.org\/index.php\/wp-json\/wp\/v2\/types\/page"}],"author":[{"embeddable":true,"href":"http:\/\/lacooperativechoregraphique.org\/index.php\/wp-json\/wp\/v2\/users\/1"}],"replies":[{"embeddable":true,"href":"http:\/\/lacooperativechoregraphique.org\/index.php\/wp-json\/wp\/v2\/comments?post=4837"}],"version-history":[{"count":2,"href":"http:\/\/lacooperativechoregraphique.org\/index.php\/wp-json\/wp\/v2\/pages\/4837\/revisions"}],"predecessor-version":[{"id":4877,"href":"http:\/\/lacooperativechoregraphique.org\/index.php\/wp-json\/wp\/v2\/pages\/4837\/revisions\/4877"}],"wp:attachment":[{"href":"http:\/\/lacooperativechoregraphique.org\/index.php\/wp-json\/wp\/v2\/media?parent=4837"}],"curies":[{"name":"wp","href":"https:\/\/api.w.org\/{rel}","templated":true}]}}