{"id":4823,"date":"2020-09-09T13:26:02","date_gmt":"2020-09-09T11:26:02","guid":{"rendered":"http:\/\/lacooperativechoregraphique.org\/?page_id=4823"},"modified":"2021-02-08T09:03:25","modified_gmt":"2021-02-08T08:03:25","slug":"quelques-apparences-du-milieu-des-choses","status":"publish","type":"page","link":"http:\/\/lacooperativechoregraphique.org\/index.php\/quelques-apparences-du-milieu-des-choses\/","title":{"rendered":"QUELQUES APPARENCES DU MILIEU DES CHOSES \/ Annabelle Rosenow &#038;  Yannick Bosc"},"content":{"rendered":"\n<p>\u00c9tape de travail<\/p>\n\n\n\n<figure class=\"wp-block-image size-large\"><img loading=\"lazy\" decoding=\"async\" width=\"1024\" height=\"681\" src=\"http:\/\/lacooperativechoregraphique.org\/wp-content\/uploads\/2020\/09\/Z6D6014-1024x681.jpg\" alt=\"\" class=\"wp-image-4821\" srcset=\"http:\/\/lacooperativechoregraphique.org\/wp-content\/uploads\/2020\/09\/Z6D6014-1024x681.jpg 1024w, http:\/\/lacooperativechoregraphique.org\/wp-content\/uploads\/2020\/09\/Z6D6014-300x200.jpg 300w, http:\/\/lacooperativechoregraphique.org\/wp-content\/uploads\/2020\/09\/Z6D6014-768x511.jpg 768w, http:\/\/lacooperativechoregraphique.org\/wp-content\/uploads\/2020\/09\/Z6D6014.jpg 1503w\" sizes=\"auto, (max-width: 1024px) 100vw, 1024px\" \/><\/figure>\n\n\n\n<p><em>Quelques apparences du milieu des choses<\/em>&nbsp;<em>(titre provisoire)<\/em>\n est une exploration du passage d\u2019une&nbsp;situation \u00e0 une autre, d&rsquo;un corps \u00e0\n un autre. Une envie de mettre en lumi\u00e8re le moment de vertige qui \nhabite l&rsquo;espace de la transition. En dilatant cet espace, laisser \n\u00e9merger les architectures, histoires et souvenirs qui nous habitent.&nbsp;<\/p>\n\n\n\n<p>Interpr\u00e9tation : Annabelle Rosenow&nbsp;<\/p>\n\n\n\n<p>Conception : Yannick Bosc et Annabelle Rosenow\u00a0<\/p>\n\n\n\n<p><strong>Ce projet est coproduit par SNDO \u2013 School for New Dance Development<\/strong><\/p>\n\n\n\n<p>Photo : Nellie de Boer<\/p>\n\n\n\n<figure class=\"wp-block-image size-large is-resized\"><img loading=\"lazy\" decoding=\"async\" src=\"http:\/\/lacooperativechoregraphique.org\/wp-content\/uploads\/2021\/02\/sndo-logo-1024x368.jpg\" alt=\"\" class=\"wp-image-5177\" width=\"264\" height=\"95\" srcset=\"http:\/\/lacooperativechoregraphique.org\/wp-content\/uploads\/2021\/02\/sndo-logo-1024x368.jpg 1024w, http:\/\/lacooperativechoregraphique.org\/wp-content\/uploads\/2021\/02\/sndo-logo-300x108.jpg 300w, http:\/\/lacooperativechoregraphique.org\/wp-content\/uploads\/2021\/02\/sndo-logo-768x276.jpg 768w, http:\/\/lacooperativechoregraphique.org\/wp-content\/uploads\/2021\/02\/sndo-logo.jpg 1128w\" sizes=\"auto, (max-width: 264px) 100vw, 264px\" \/><\/figure>\n","protected":false},"excerpt":{"rendered":"<p>\u00c9tape de travail Quelques apparences du milieu des choses&nbsp;(titre provisoire) est une exploration du passage d\u2019une&nbsp;situation \u00e0 une autre, d&rsquo;un corps \u00e0 un autre. Une envie de mettre en lumi\u00e8re le moment de vertige qui habite l&rsquo;espace de la transition. En dilatant cet espace, laisser \u00e9merger les architectures, histoires et souvenirs qui nous habitent.&nbsp; Interpr\u00e9tation&hellip; <a class=\"more-link\" href=\"http:\/\/lacooperativechoregraphique.org\/index.php\/quelques-apparences-du-milieu-des-choses\/\">Poursuivre la lecture <span class=\"screen-reader-text\">QUELQUES APPARENCES DU MILIEU DES CHOSES \/ Annabelle Rosenow &#038;  Yannick Bosc<\/span><\/a><\/p>\n","protected":false},"author":1,"featured_media":0,"parent":0,"menu_order":0,"comment_status":"closed","ping_status":"closed","template":"","meta":{"footnotes":""},"class_list":["post-4823","page","type-page","status-publish","hentry","entry"],"_links":{"self":[{"href":"http:\/\/lacooperativechoregraphique.org\/index.php\/wp-json\/wp\/v2\/pages\/4823","targetHints":{"allow":["GET"]}}],"collection":[{"href":"http:\/\/lacooperativechoregraphique.org\/index.php\/wp-json\/wp\/v2\/pages"}],"about":[{"href":"http:\/\/lacooperativechoregraphique.org\/index.php\/wp-json\/wp\/v2\/types\/page"}],"author":[{"embeddable":true,"href":"http:\/\/lacooperativechoregraphique.org\/index.php\/wp-json\/wp\/v2\/users\/1"}],"replies":[{"embeddable":true,"href":"http:\/\/lacooperativechoregraphique.org\/index.php\/wp-json\/wp\/v2\/comments?post=4823"}],"version-history":[{"count":4,"href":"http:\/\/lacooperativechoregraphique.org\/index.php\/wp-json\/wp\/v2\/pages\/4823\/revisions"}],"predecessor-version":[{"id":5178,"href":"http:\/\/lacooperativechoregraphique.org\/index.php\/wp-json\/wp\/v2\/pages\/4823\/revisions\/5178"}],"wp:attachment":[{"href":"http:\/\/lacooperativechoregraphique.org\/index.php\/wp-json\/wp\/v2\/media?parent=4823"}],"curies":[{"name":"wp","href":"https:\/\/api.w.org\/{rel}","templated":true}]}}