{"id":4791,"date":"2020-09-08T12:44:06","date_gmt":"2020-09-08T10:44:06","guid":{"rendered":"http:\/\/lacooperativechoregraphique.org\/?page_id=4791"},"modified":"2020-09-09T19:06:40","modified_gmt":"2020-09-09T17:06:40","slug":"ateliers-de-l-hospitalite","status":"publish","type":"page","link":"http:\/\/lacooperativechoregraphique.org\/index.php\/ateliers-de-l-hospitalite\/","title":{"rendered":"ATELIERS DE L HOSPITALITE \/ Cimade de Caen"},"content":{"rendered":"\n<figure class=\"wp-block-image size-large\"><img loading=\"lazy\" decoding=\"async\" width=\"1024\" height=\"544\" src=\"http:\/\/lacooperativechoregraphique.org\/wp-content\/uploads\/2020\/09\/ateliers-cimade-1024x544.png\" alt=\"\" class=\"wp-image-4724\" srcset=\"http:\/\/lacooperativechoregraphique.org\/wp-content\/uploads\/2020\/09\/ateliers-cimade-1024x544.png 1024w, http:\/\/lacooperativechoregraphique.org\/wp-content\/uploads\/2020\/09\/ateliers-cimade-300x159.png 300w, http:\/\/lacooperativechoregraphique.org\/wp-content\/uploads\/2020\/09\/ateliers-cimade-768x408.png 768w, http:\/\/lacooperativechoregraphique.org\/wp-content\/uploads\/2020\/09\/ateliers-cimade.png 1439w\" sizes=\"auto, (max-width: 1024px) 100vw, 1024px\" \/><\/figure>\n\n\n\n<p>Depuis 2019 , la CIMADE et les Ateliers Interm\u00e9diaires et le Centre Chor\u00e9graphique National de Caen en Normandie, se sont associ\u00e9s afin de mettre en place des ateliers de danse \u00e0 destinations des exil\u00e9s.<\/p>\n\n\n\n<p>Depuis 2020 les ateliers sont mixtes et ouverts aux caennais. <\/p>\n\n\n\n<p> Une nouvelle s\u00e9rie de rendez-vous d\u00e9marrent en vue de pr\u00e9parer une performance atelier pour le festival Morpho.<br><br> Rendez-vous les 8,10,15 &amp; 17 septembre de 14h \u00e0 16h et&nbsp; le 19 septembre pour la restitution.<\/p>\n\n\n\n<p>Avec Oph\u00e9lie Brunet, S\u00e9bastien Laurent, Flora Pilet &amp; Laura Simi<br><br><strong>Inscriptions : <a rel=\"noreferrer noopener\" href=\"mailto:contact@lacooperativechoregraphique.org?subject=reservation%20ateliers%20de%20l'hospitalit%C3%A9\" target=\"_blank\">contact@lacooperativechoregraphique.org<\/a><\/strong><\/p>\n","protected":false},"excerpt":{"rendered":"<p>Depuis 2019 , la CIMADE et les Ateliers Interm\u00e9diaires et le Centre Chor\u00e9graphique National de Caen en Normandie, se sont associ\u00e9s afin de mettre en place des ateliers de danse \u00e0 destinations des exil\u00e9s. Depuis 2020 les ateliers sont mixtes et ouverts aux caennais. Une nouvelle s\u00e9rie de rendez-vous d\u00e9marrent en vue de pr\u00e9parer une&hellip; <a class=\"more-link\" href=\"http:\/\/lacooperativechoregraphique.org\/index.php\/ateliers-de-l-hospitalite\/\">Poursuivre la lecture <span class=\"screen-reader-text\">ATELIERS DE L HOSPITALITE \/ Cimade de Caen<\/span><\/a><\/p>\n","protected":false},"author":1,"featured_media":0,"parent":0,"menu_order":0,"comment_status":"closed","ping_status":"closed","template":"","meta":{"footnotes":""},"class_list":["post-4791","page","type-page","status-publish","hentry","entry"],"_links":{"self":[{"href":"http:\/\/lacooperativechoregraphique.org\/index.php\/wp-json\/wp\/v2\/pages\/4791","targetHints":{"allow":["GET"]}}],"collection":[{"href":"http:\/\/lacooperativechoregraphique.org\/index.php\/wp-json\/wp\/v2\/pages"}],"about":[{"href":"http:\/\/lacooperativechoregraphique.org\/index.php\/wp-json\/wp\/v2\/types\/page"}],"author":[{"embeddable":true,"href":"http:\/\/lacooperativechoregraphique.org\/index.php\/wp-json\/wp\/v2\/users\/1"}],"replies":[{"embeddable":true,"href":"http:\/\/lacooperativechoregraphique.org\/index.php\/wp-json\/wp\/v2\/comments?post=4791"}],"version-history":[{"count":2,"href":"http:\/\/lacooperativechoregraphique.org\/index.php\/wp-json\/wp\/v2\/pages\/4791\/revisions"}],"predecessor-version":[{"id":4875,"href":"http:\/\/lacooperativechoregraphique.org\/index.php\/wp-json\/wp\/v2\/pages\/4791\/revisions\/4875"}],"wp:attachment":[{"href":"http:\/\/lacooperativechoregraphique.org\/index.php\/wp-json\/wp\/v2\/media?parent=4791"}],"curies":[{"name":"wp","href":"https:\/\/api.w.org\/{rel}","templated":true}]}}