{"id":4788,"date":"2020-09-08T12:39:48","date_gmt":"2020-09-08T10:39:48","guid":{"rendered":"http:\/\/lacooperativechoregraphique.org\/?page_id=4788"},"modified":"2020-09-10T12:14:41","modified_gmt":"2020-09-10T10:14:41","slug":"ad-libitum","status":"publish","type":"page","link":"http:\/\/lacooperativechoregraphique.org\/index.php\/ad-libitum\/","title":{"rendered":"PARA BELLUM ( titre provisoire)"},"content":{"rendered":"\n<h2 class=\"has-text-align-center wp-block-heading\"> Tant&rsquo;amati Asbl &amp; L&rsquo;Yeuse<br>&#8211; Erika Zueneli<\/h2>\n\n\n\n<p><\/p>\n\n\n\n<figure class=\"wp-block-image size-large\"><img loading=\"lazy\" decoding=\"async\" width=\"1024\" height=\"576\" src=\"http:\/\/lacooperativechoregraphique.org\/wp-content\/uploads\/2020\/09\/IMG_2400-copie-1024x576.jpg\" alt=\"\" class=\"wp-image-4831\" srcset=\"http:\/\/lacooperativechoregraphique.org\/wp-content\/uploads\/2020\/09\/IMG_2400-copie-1024x576.jpg 1024w, http:\/\/lacooperativechoregraphique.org\/wp-content\/uploads\/2020\/09\/IMG_2400-copie-300x169.jpg 300w, http:\/\/lacooperativechoregraphique.org\/wp-content\/uploads\/2020\/09\/IMG_2400-copie-768x432.jpg 768w, http:\/\/lacooperativechoregraphique.org\/wp-content\/uploads\/2020\/09\/IMG_2400-copie-1536x864.jpg 1536w, http:\/\/lacooperativechoregraphique.org\/wp-content\/uploads\/2020\/09\/IMG_2400-copie.jpg 1920w\" sizes=\"auto, (max-width: 1024px) 100vw, 1024px\" \/><\/figure>\n\n\n\n<p><strong>\u00c9tape de travail, cr\u00e9ation 2021<\/strong><\/p>\n\n\n\n<p>Projet solo d\u2019Erika Zueneli <\/p>\n\n\n\n<p>Laisser surgir l\u2019id\u00e9e du combat, de sa pr\u00e9paration, avec \u2013 au centre \u2013 un corps, f\u00e9minine mati\u00e8re en r\u00e9invention. L\u2019envie de mener bataille, comme un jeu avec soi-m\u00eame, avec les mondes que l\u2019on a pu traverser, et avec tout qui peut encore advenir\u2026 devant soi<\/p>\n\n\n\n<p>.<br>\n\u00c9quipe<\/p>\n\n\n\n<p>Conception, chor\u00e9graphie &amp; danse : Erika Zueneli <br>\nDramaturgie : Olivier Hespel <br>\nRegard chor\u00e9graphique : Olivier Renouf <br>\nCr\u00e9ation son : S\u00e9bastien Jacobs <br>\nLumi\u00e8re : (en cours)<\/p>\n\n\n\n<p>Cr\u00e9ation les 3,4,5 f\u00e9vrier 2021, dans le cadre du Festival Fait d\u2019hiver avec le Centre Wallonie-Bruxelles \u00e0 Paris au Studio le Regard du cygne.<\/p>\n\n\n\n<p>Production Tant\u2019Amati\/Asbl et L\u2019Yeuse<\/p>\n\n\n\n<p>Partenaires : Centre Wallonie-Bruxelles \u2013 Paris \/\/ Festival Fait d\u2019Hiver \u2013 Micadanses \/\/ Studio le Regard du Cygne \/\/ CDCN La Briqueterie. Accueil en r\u00e9sidence : Coop\u00e9rative Chor\u00e9graphique au S\u00e9pulcre \u2013 Caen (FR) \/\/ Th\u00e9\u00e2tre des D\u00f4ms (BE) \/\/ Grand studio (BE) \/\/ Raffinerie \u2013 Charleroi Danse (BE) \/\/ CDCN \u2013 La Briqueterie (FR) \/\/ Studio Cap* (FR) <\/p>\n\n\n\n<p>Dur\u00e9e : 20 min<\/p>\n","protected":false},"excerpt":{"rendered":"<p>Tant&rsquo;amati Asbl &amp; L&rsquo;Yeuse&#8211; Erika Zueneli \u00c9tape de travail, cr\u00e9ation 2021 Projet solo d\u2019Erika Zueneli Laisser surgir l\u2019id\u00e9e du combat, de sa pr\u00e9paration, avec \u2013 au centre \u2013 un corps, f\u00e9minine mati\u00e8re en r\u00e9invention. L\u2019envie de mener bataille, comme un jeu avec soi-m\u00eame, avec les mondes que l\u2019on a pu traverser, et avec tout qui&hellip; <a class=\"more-link\" href=\"http:\/\/lacooperativechoregraphique.org\/index.php\/ad-libitum\/\">Poursuivre la lecture <span class=\"screen-reader-text\">PARA BELLUM ( titre provisoire)<\/span><\/a><\/p>\n","protected":false},"author":1,"featured_media":0,"parent":0,"menu_order":0,"comment_status":"closed","ping_status":"closed","template":"","meta":{"footnotes":""},"class_list":["post-4788","page","type-page","status-publish","hentry","entry"],"_links":{"self":[{"href":"http:\/\/lacooperativechoregraphique.org\/index.php\/wp-json\/wp\/v2\/pages\/4788","targetHints":{"allow":["GET"]}}],"collection":[{"href":"http:\/\/lacooperativechoregraphique.org\/index.php\/wp-json\/wp\/v2\/pages"}],"about":[{"href":"http:\/\/lacooperativechoregraphique.org\/index.php\/wp-json\/wp\/v2\/types\/page"}],"author":[{"embeddable":true,"href":"http:\/\/lacooperativechoregraphique.org\/index.php\/wp-json\/wp\/v2\/users\/1"}],"replies":[{"embeddable":true,"href":"http:\/\/lacooperativechoregraphique.org\/index.php\/wp-json\/wp\/v2\/comments?post=4788"}],"version-history":[{"count":10,"href":"http:\/\/lacooperativechoregraphique.org\/index.php\/wp-json\/wp\/v2\/pages\/4788\/revisions"}],"predecessor-version":[{"id":4905,"href":"http:\/\/lacooperativechoregraphique.org\/index.php\/wp-json\/wp\/v2\/pages\/4788\/revisions\/4905"}],"wp:attachment":[{"href":"http:\/\/lacooperativechoregraphique.org\/index.php\/wp-json\/wp\/v2\/media?parent=4788"}],"curies":[{"name":"wp","href":"https:\/\/api.w.org\/{rel}","templated":true}]}}