{"id":4785,"date":"2020-09-08T12:37:15","date_gmt":"2020-09-08T10:37:15","guid":{"rendered":"http:\/\/lacooperativechoregraphique.org\/?page_id=4785"},"modified":"2020-09-10T10:37:01","modified_gmt":"2020-09-10T08:37:01","slug":"victorine","status":"publish","type":"page","link":"http:\/\/lacooperativechoregraphique.org\/index.php\/victorine\/","title":{"rendered":"VICTORINE  !"},"content":{"rendered":"\n<h2 class=\"has-text-align-center wp-block-heading\">Moi Peau &#8211; S\u00e9bastien Laurent<\/h2>\n\n\n\n<figure class=\"wp-block-image size-large\"><img loading=\"lazy\" decoding=\"async\" width=\"300\" height=\"292\" src=\"http:\/\/lacooperativechoregraphique.org\/wp-content\/uploads\/2020\/09\/t\u00e9l\u00e9charger.jpg\" alt=\"\" class=\"wp-image-4729\"\/><\/figure>\n\n\n\n<p><strong>\u00c9tape de travail , cr\u00e9ation 2021<\/strong><\/p>\n\n\n\n<p>Ce projet est une proposition de lecture(s) dans\u00e9e(s)&nbsp; du livre de Claire Cantais <strong><em>VOTEZ VICTORINE<\/em><\/strong><em>. <br> <\/em>Lectures au pluriel car il propose d\u2019engager diff\u00e9rents proc\u00e9d\u00e9s et niveaux d\u2019interpr\u00e9tation de l\u2019\u0153uvre.<br> Ce livre retrace l\u2019histoire d\u2019une <strong>lib\u00e9ration<\/strong> et d\u2019une prise de pouvoir. <br> Victorine brise ses cha\u00eenes et devient ma\u00eetresse du jeu. <br> L\u2019enjeu de cette pi\u00e8ce est de montrer le mouvement de cette lib\u00e9ration.<\/p>\n\n\n\n<p>L\u2019\u0153uvre aborde diverses questions sur la condition f\u00e9minine, la repr\u00e9sentation des femmes dans les \u0153uvres d\u2019art, l\u2019ind\u00e9pendance, et l\u2019\u00e9ducation. Il me para\u00eet encore et toujours n\u00e9cessaire d\u2019aborder ces questions avec les enfants et adolescents.<br> Cela peut se faire, comme le fait l\u2019autrice, de mani\u00e8re ludique et dr\u00f4le.  Par exemple la question du nu est pos\u00e9e \u00e0 partir du personnage d\u00e9tourn\u00e9  Victorine Meurant, c\u00e9l\u00e8bre mod\u00e8le de Manet, posant pour le tableau \u00ab\u00a0D\u00e9jeuner sur l\u2019herbe\u00a0\u00bb.Donc les questions du costume et de son absence (l\u2019habit faisant le moine !)  seront abord\u00e9es. En effet Victorine,\u00a0 victime d\u2019une mauvaise farce,  est\u00a0 contrainte de se d\u00e9barrasser de ses v\u00eatements et saisit l\u2019occasion  d\u2019en endosser d\u2019autres et de changer ainsi son apparence et son aper\u00e7u de genre et donc son statut social. Elle passe ainsi par cette nouvelle sensation d\u2019\u00eatre nue dans la nature, c\u2019est \u00e0 dire libre !<\/p>\n\n\n\n<p> <strong>conception, chor\u00e9graphie<\/strong> | s\u00e9bastien laurent<br> <strong>autrice <\/strong>| claire cantais<br> <strong>interpr\u00e9tation <\/strong>| annabelle rosenow, s\u00e9bastien laurent<br> <strong>sc\u00e9nographie <\/strong>| claire cantais<br> <strong>musique <\/strong>| scarlatti : 52 sonatas par lucas debargue<br><strong> son, video<\/strong> | damiano fo\u00e0 <\/p>\n\n\n\n<p><strong>Dur\u00e9e <\/strong>: 15 min<\/p>\n\n\n\n<p> <strong>production <\/strong>| compagnie moi peau<br> <strong>soutiens <\/strong>| \u00c9POQUE, salon des livres de Caen | danse \u00e0 tous les \u00e9tages | tremplin  | Abbaye de Royaumont  |  \u00e9toile du nord CDCN de paris   |      th\u00e9\u00e2tre des 4 saisons, sc\u00e8ne conventionn\u00e9e de Gradignan <\/p>\n","protected":false},"excerpt":{"rendered":"<p>Moi Peau &#8211; S\u00e9bastien Laurent \u00c9tape de travail , cr\u00e9ation 2021 Ce projet est une proposition de lecture(s) dans\u00e9e(s)&nbsp; du livre de Claire Cantais VOTEZ VICTORINE. Lectures au pluriel car il propose d\u2019engager diff\u00e9rents proc\u00e9d\u00e9s et niveaux d\u2019interpr\u00e9tation de l\u2019\u0153uvre. Ce livre retrace l\u2019histoire d\u2019une lib\u00e9ration et d\u2019une prise de pouvoir. Victorine brise ses cha\u00eenes&hellip; <a class=\"more-link\" href=\"http:\/\/lacooperativechoregraphique.org\/index.php\/victorine\/\">Poursuivre la lecture <span class=\"screen-reader-text\">VICTORINE  !<\/span><\/a><\/p>\n","protected":false},"author":1,"featured_media":0,"parent":0,"menu_order":0,"comment_status":"closed","ping_status":"closed","template":"","meta":{"footnotes":""},"class_list":["post-4785","page","type-page","status-publish","hentry","entry"],"_links":{"self":[{"href":"http:\/\/lacooperativechoregraphique.org\/index.php\/wp-json\/wp\/v2\/pages\/4785","targetHints":{"allow":["GET"]}}],"collection":[{"href":"http:\/\/lacooperativechoregraphique.org\/index.php\/wp-json\/wp\/v2\/pages"}],"about":[{"href":"http:\/\/lacooperativechoregraphique.org\/index.php\/wp-json\/wp\/v2\/types\/page"}],"author":[{"embeddable":true,"href":"http:\/\/lacooperativechoregraphique.org\/index.php\/wp-json\/wp\/v2\/users\/1"}],"replies":[{"embeddable":true,"href":"http:\/\/lacooperativechoregraphique.org\/index.php\/wp-json\/wp\/v2\/comments?post=4785"}],"version-history":[{"count":4,"href":"http:\/\/lacooperativechoregraphique.org\/index.php\/wp-json\/wp\/v2\/pages\/4785\/revisions"}],"predecessor-version":[{"id":4887,"href":"http:\/\/lacooperativechoregraphique.org\/index.php\/wp-json\/wp\/v2\/pages\/4785\/revisions\/4887"}],"wp:attachment":[{"href":"http:\/\/lacooperativechoregraphique.org\/index.php\/wp-json\/wp\/v2\/media?parent=4785"}],"curies":[{"name":"wp","href":"https:\/\/api.w.org\/{rel}","templated":true}]}}