{"id":4781,"date":"2020-09-08T12:34:22","date_gmt":"2020-09-08T10:34:22","guid":{"rendered":"http:\/\/lacooperativechoregraphique.org\/?page_id=4781"},"modified":"2020-09-09T19:24:24","modified_gmt":"2020-09-09T17:24:24","slug":"zakahoum","status":"publish","type":"page","link":"http:\/\/lacooperativechoregraphique.org\/index.php\/zakahoum\/","title":{"rendered":"ZAKAHOUM !"},"content":{"rendered":"\n<figure class=\"wp-block-image size-large\"><img loading=\"lazy\" decoding=\"async\" width=\"1024\" height=\"745\" src=\"http:\/\/lacooperativechoregraphique.org\/wp-content\/uploads\/2020\/09\/photo-Alain-Malfil\u00e2tre_Zakahoum_web-1024x745.jpg\" alt=\"\" class=\"wp-image-4782\" srcset=\"http:\/\/lacooperativechoregraphique.org\/wp-content\/uploads\/2020\/09\/photo-Alain-Malfil\u00e2tre_Zakahoum_web-1024x745.jpg 1024w, http:\/\/lacooperativechoregraphique.org\/wp-content\/uploads\/2020\/09\/photo-Alain-Malfil\u00e2tre_Zakahoum_web-300x218.jpg 300w, http:\/\/lacooperativechoregraphique.org\/wp-content\/uploads\/2020\/09\/photo-Alain-Malfil\u00e2tre_Zakahoum_web-768x559.jpg 768w, http:\/\/lacooperativechoregraphique.org\/wp-content\/uploads\/2020\/09\/photo-Alain-Malfil\u00e2tre_Zakahoum_web.jpg 1181w\" sizes=\"auto, (max-width: 1024px) 100vw, 1024px\" \/><\/figure>\n\n\n\n<p><strong>Cr\u00e9ation 2020<\/strong><br> Spectacle \u00e0 partir de 3 ans                                                                                                  Type : Solo de danse, manipulation d&rsquo;objets et voix                                       Jauge : maximum 90 \u00e0 100 personnes<br><\/p>\n\n\n\n<p>\u00ab Zakahoum ! \u00bb, c\u2019est un voyage imaginaire.<br>\nC\u2019est une histoire sans fin o\u00f9 le jeu est sans cesse r\u00e9invent\u00e9.<br>\nEnfant, qui n\u2019a pas chang\u00e9 les r\u00e8gles en cours de route &nbsp;?<br>\nPrendre plaisir \u00e0 \u00eatre dans l\u2019action, dans la transformation, peser, sous-peser, bidouiller, trifouiller, r\u00eaver, chanter, s\u2019inventer, une histoire sans queue ni t\u00eate.<br>\nEntrer dans un monde o\u00f9 le ressenti, les sensations, la jouissance de l\u2019instant pr\u00e9valent sur tout.<br>\nSc\u00e9nographie \u00e9volutive, se transformant progressivement \u00e0 partir de fils, laines et tissus. Sol blanc et fond blanc, comme une grande page blanche o\u00f9 \u00e9crire. Progressivement cette page s\u2019emplit de gestes dans\u00e9s et d\u2019objets en mouvements, de sons et de rythmes.<\/p>\n\n\n\n<p><strong>\u00c9quipe artistique<\/strong><br>Elsa Deslandes \u2013 conception et interpr\u00e9tation                                                   Julie Dupret \u2013 costume et objets sc\u00e9niques                                                       Nicolas Talbot \u2013 cr\u00e9ation son                                                                             Franck Bourget &#8211; cr\u00e9ation lumi\u00e8res et objet sc\u00e9niques                               Audrey Quesnel \u2013 cr\u00e9ation lumi\u00e8res <\/p>\n\n\n\n<p>Dur\u00e9e : 30 min<\/p>\n\n\n\n<p><br><strong>Production <\/strong>: Compagnie Eteile <br><strong>Avec le soutien <\/strong>des Ateliers Interm\u00e9diaires (Caen), Th\u00e9\u00e2tre Foz (Caen), Centre Chor\u00e9graphique National de Caen en Normandie, le Wine \/ cie La Bazooka (Le Havre), Th\u00e9\u00e2tre de la Barbacane (Beynes).<br>La Compagnie Eteile est soutenue par la R\u00e9gion Normandie au titre de l&rsquo;aide \u00e0 la cr\u00e9ation et par la DRAC Normandie au titre des r\u00e9sidences-jumelages r\u00e9alis\u00e9es de 2018 \u00e0 2021.<br> Site internet :<a href=\"http:\/\/cieeteile.wordpress.com\"> cieeteile.wordpress.com<\/a><\/p>\n\n\n\n<figure class=\"wp-block-embed-vimeo wp-block-embed is-type-video is-provider-vimeo wp-embed-aspect-16-9 wp-has-aspect-ratio\"><div class=\"wp-block-embed__wrapper\">\n<iframe loading=\"lazy\" title=\"TEASER &amp;quot;Zakahoum !&amp;quot; \/ Cie Eteile\" src=\"https:\/\/player.vimeo.com\/video\/375889339?dnt=1&amp;app_id=122963\" width=\"750\" height=\"422\" frameborder=\"0\" allow=\"autoplay; fullscreen\" allowfullscreen><\/iframe>\n<\/div><\/figure>\n","protected":false},"excerpt":{"rendered":"<p>Cr\u00e9ation 2020 Spectacle \u00e0 partir de 3 ans Type : Solo de danse, manipulation d&rsquo;objets et voix Jauge : maximum 90 \u00e0 100 personnes \u00ab Zakahoum ! \u00bb, c\u2019est un voyage imaginaire. C\u2019est une histoire sans fin o\u00f9 le jeu est sans cesse r\u00e9invent\u00e9. Enfant, qui n\u2019a pas chang\u00e9 les r\u00e8gles en cours de route&hellip; <a class=\"more-link\" href=\"http:\/\/lacooperativechoregraphique.org\/index.php\/zakahoum\/\">Poursuivre la lecture <span class=\"screen-reader-text\">ZAKAHOUM !<\/span><\/a><\/p>\n","protected":false},"author":1,"featured_media":0,"parent":0,"menu_order":0,"comment_status":"closed","ping_status":"closed","template":"","meta":{"footnotes":""},"class_list":["post-4781","page","type-page","status-publish","hentry","entry"],"_links":{"self":[{"href":"http:\/\/lacooperativechoregraphique.org\/index.php\/wp-json\/wp\/v2\/pages\/4781","targetHints":{"allow":["GET"]}}],"collection":[{"href":"http:\/\/lacooperativechoregraphique.org\/index.php\/wp-json\/wp\/v2\/pages"}],"about":[{"href":"http:\/\/lacooperativechoregraphique.org\/index.php\/wp-json\/wp\/v2\/types\/page"}],"author":[{"embeddable":true,"href":"http:\/\/lacooperativechoregraphique.org\/index.php\/wp-json\/wp\/v2\/users\/1"}],"replies":[{"embeddable":true,"href":"http:\/\/lacooperativechoregraphique.org\/index.php\/wp-json\/wp\/v2\/comments?post=4781"}],"version-history":[{"count":3,"href":"http:\/\/lacooperativechoregraphique.org\/index.php\/wp-json\/wp\/v2\/pages\/4781\/revisions"}],"predecessor-version":[{"id":4884,"href":"http:\/\/lacooperativechoregraphique.org\/index.php\/wp-json\/wp\/v2\/pages\/4781\/revisions\/4884"}],"wp:attachment":[{"href":"http:\/\/lacooperativechoregraphique.org\/index.php\/wp-json\/wp\/v2\/media?parent=4781"}],"curies":[{"name":"wp","href":"https:\/\/api.w.org\/{rel}","templated":true}]}}