{"id":4775,"date":"2020-09-08T12:29:35","date_gmt":"2020-09-08T10:29:35","guid":{"rendered":"http:\/\/lacooperativechoregraphique.org\/?page_id=4775"},"modified":"2020-09-10T10:38:24","modified_gmt":"2020-09-10T08:38:24","slug":"sourdre","status":"publish","type":"page","link":"http:\/\/lacooperativechoregraphique.org\/index.php\/sourdre\/","title":{"rendered":"SOURDRE \/ MOI PEAU &#8211;   SEBASTIEN LAURENT"},"content":{"rendered":"\n<figure class=\"wp-block-image size-large\"><img loading=\"lazy\" decoding=\"async\" width=\"1024\" height=\"681\" src=\"http:\/\/lacooperativechoregraphique.org\/wp-content\/uploads\/2020\/09\/D-700-C-4643-1024x681.jpg\" alt=\"\" class=\"wp-image-4726\" srcset=\"http:\/\/lacooperativechoregraphique.org\/wp-content\/uploads\/2020\/09\/D-700-C-4643-1024x681.jpg 1024w, http:\/\/lacooperativechoregraphique.org\/wp-content\/uploads\/2020\/09\/D-700-C-4643-300x200.jpg 300w, http:\/\/lacooperativechoregraphique.org\/wp-content\/uploads\/2020\/09\/D-700-C-4643-768x511.jpg 768w, http:\/\/lacooperativechoregraphique.org\/wp-content\/uploads\/2020\/09\/D-700-C-4643-1536x1022.jpg 1536w, http:\/\/lacooperativechoregraphique.org\/wp-content\/uploads\/2020\/09\/D-700-C-4643-2048x1363.jpg 2048w\" sizes=\"auto, (max-width: 1024px) 100vw, 1024px\" \/><\/figure>\n\n\n\n<p><strong>Cr\u00e9ation 2018<\/strong><br>solo tout terrain, jeune et tout public \u00e0 partir de 7 ans <\/p>\n\n\n\n<p>Inspir\u00e9 par diff\u00e9rentes lectures, Esp\u00e8ces d\u2019espaces de Georges P\u00e9rec, L\u2019espace du dedans d\u2019Henri Michaux, Passionn\u00e9ment de Gh\u00e9rasim Luca, ce solo, forme courte et transportable hors plateau, interroge comment cheminer vers un \u00e9tat de danse et comment proposer un voyage vers l\u2018\u00e9mancipation et la libert\u00e9.<br>\nLe d\u00e9sir r\u00e9side dans la volont\u00e9 d\u2019accompagner le jeune spectateur dans l\u2019appr\u00e9hension d\u2019une forme dans\u00e9e en passant par diff\u00e9rentes \u00e9tapes d\u2019un voyage (comme initiatique) : Se confronter \u00e0 l\u2019espace et la lumi\u00e8re, le rythme, la musicalit\u00e9 et la percussion des mots, la figure de l\u2019autorit\u00e9. On y d\u00e9couvre un personnage \u00e9nigmatique qui interpelle et raconte son cheminement.<br>\nIl va gratter les couches, chercher \u00e0 l\u2019int\u00e9rieur de lui, dans son histoire, quelque chose \u00e0 faire jaillir et \u00e0 relier avec l \u2018espace, avec le monde ext\u00e9rieur.<\/p>\n\n\n\n<p>chor\u00e9graphie, interpr\u00e9tation, musique | s\u00e9bastien laurent<br>\nr\u00e9gie, lumi\u00e8res | damiano foa<br>\nregards ext\u00e9rieurs | manon parent, guylaine cosseron<\/p>\n\n\n\n<p>production | compagnie moi peau<br>\nsoutiens | la briqueterie centre de d\u00e9veloppement chor\u00e9graphique national du val-de-marne, tremplin \u2013 parcours d\u2019auteurs chor\u00e9graphiques (rennes) | dispositif drac r\u00e9sidence d\u2019artiste en milieu scolaire avec les coll\u00e8ges de trun (61) et chor\u00e8ge (14)<br>\naccueils en r\u00e9sidence | les ateliers interm\u00e9diaires (caen), la briqueterie, danse \u00e0 tous les \u00e9tages \u2013 tremplin (rennes)<\/p>\n\n\n\n<p>Dur\u00e9e&nbsp;: 30 min <\/p>\n","protected":false},"excerpt":{"rendered":"<p>Cr\u00e9ation 2018solo tout terrain, jeune et tout public \u00e0 partir de 7 ans Inspir\u00e9 par diff\u00e9rentes lectures, Esp\u00e8ces d\u2019espaces de Georges P\u00e9rec, L\u2019espace du dedans d\u2019Henri Michaux, Passionn\u00e9ment de Gh\u00e9rasim Luca, ce solo, forme courte et transportable hors plateau, interroge comment cheminer vers un \u00e9tat de danse et comment proposer un voyage vers l\u2018\u00e9mancipation et&hellip; <a class=\"more-link\" href=\"http:\/\/lacooperativechoregraphique.org\/index.php\/sourdre\/\">Poursuivre la lecture <span class=\"screen-reader-text\">SOURDRE \/ MOI PEAU &#8211;   SEBASTIEN LAURENT<\/span><\/a><\/p>\n","protected":false},"author":1,"featured_media":0,"parent":0,"menu_order":0,"comment_status":"closed","ping_status":"closed","template":"","meta":{"footnotes":""},"class_list":["post-4775","page","type-page","status-publish","hentry","entry"],"_links":{"self":[{"href":"http:\/\/lacooperativechoregraphique.org\/index.php\/wp-json\/wp\/v2\/pages\/4775","targetHints":{"allow":["GET"]}}],"collection":[{"href":"http:\/\/lacooperativechoregraphique.org\/index.php\/wp-json\/wp\/v2\/pages"}],"about":[{"href":"http:\/\/lacooperativechoregraphique.org\/index.php\/wp-json\/wp\/v2\/types\/page"}],"author":[{"embeddable":true,"href":"http:\/\/lacooperativechoregraphique.org\/index.php\/wp-json\/wp\/v2\/users\/1"}],"replies":[{"embeddable":true,"href":"http:\/\/lacooperativechoregraphique.org\/index.php\/wp-json\/wp\/v2\/comments?post=4775"}],"version-history":[{"count":3,"href":"http:\/\/lacooperativechoregraphique.org\/index.php\/wp-json\/wp\/v2\/pages\/4775\/revisions"}],"predecessor-version":[{"id":4889,"href":"http:\/\/lacooperativechoregraphique.org\/index.php\/wp-json\/wp\/v2\/pages\/4775\/revisions\/4889"}],"wp:attachment":[{"href":"http:\/\/lacooperativechoregraphique.org\/index.php\/wp-json\/wp\/v2\/media?parent=4775"}],"curies":[{"name":"wp","href":"https:\/\/api.w.org\/{rel}","templated":true}]}}