{"id":4771,"date":"2020-09-08T12:26:29","date_gmt":"2020-09-08T10:26:29","guid":{"rendered":"http:\/\/lacooperativechoregraphique.org\/?page_id=4771"},"modified":"2020-09-09T19:03:31","modified_gmt":"2020-09-09T17:03:31","slug":"rester-version-boomerang","status":"publish","type":"page","link":"http:\/\/lacooperativechoregraphique.org\/index.php\/rester-version-boomerang\/","title":{"rendered":"RESTER [version Boomerang]"},"content":{"rendered":"\n<h2 class=\"has-text-align-center wp-block-heading\">Pr\u00e9somptions de pr\u00e9sences &#8211; Marie D\u00e9soubeaux<\/h2>\n\n\n\n<p><\/p>\n\n\n\n<figure class=\"wp-block-image size-large\"><img loading=\"lazy\" decoding=\"async\" width=\"960\" height=\"694\" src=\"http:\/\/lacooperativechoregraphique.org\/wp-content\/uploads\/2020\/09\/iced-butterfly.jpg\" alt=\"\" class=\"wp-image-4723\" srcset=\"http:\/\/lacooperativechoregraphique.org\/wp-content\/uploads\/2020\/09\/iced-butterfly.jpg 960w, http:\/\/lacooperativechoregraphique.org\/wp-content\/uploads\/2020\/09\/iced-butterfly-300x217.jpg 300w, http:\/\/lacooperativechoregraphique.org\/wp-content\/uploads\/2020\/09\/iced-butterfly-768x555.jpg 768w\" sizes=\"auto, (max-width: 960px) 100vw, 960px\" \/><\/figure>\n\n\n\n<p> <br><strong> Cr\u00e9ation 2018<\/strong><\/p>\n\n\n\n<p><br> Solo \u00e0 deux voix pour Margaux Amoros et Robin Pharo<br> 12mn<\/p>\n\n\n\n<p>\nR\n E S T E R est un acte chor\u00e9graphique et th\u00e9\u00e2tral. Il est question \nd&rsquo;intimit\u00e9, de solitude et de libert\u00e9. La libert\u00e9 des fous, des \nsolitaires, la libert\u00e9 des morts. Est-il possible de vivre dans une \ntrans-universalit\u00e9 des mondes ? Quelles forces en puiser ?<\/p>\n\n\n\n<p>Dans\n le silence de la solitude, celle que l&rsquo;on choisit ou qui s\u2019impose par \nsa bienveillance ou sa n\u00e9cessit\u00e9, nos perceptions s&rsquo;affinent et \ns&rsquo;aiguisent pour percevoir la coexistence renouvel\u00e9e de deux mondes \ninh\u00e9rents \u00e0 notre condition d&rsquo;\u00eatre humain :<br>celui\n quotidien, qui nous entoure et dans lequel nous ancrons les actions de \nnotre vie, et celui int\u00e9rieur, qui se d\u00e9veloppe et s&rsquo;enrichit en \npermanence de l&rsquo;attention qu&rsquo;on lui donne.<br>Le\n vide, le silence, le blanc, l\u2019absurde r\u00eaverie, l\u2019absurde r\u00e9alit\u00e9, \nl\u2019humour cach\u00e9 au creux de ces jointures-l\u00e0. Un terreau patient et \nporteur de vie.<br>Quand\n le silence a valeur de tout ce qui a fait bruit avant lui, quand il \nfait place \u00e0 l&rsquo;endroit o\u00f9 nous prenons soudainement conscience des \nmultitudes qui nous entouraient ; il zoome, d\u00e9poussi\u00e8re et nous surprend\n dans nos int\u00e9riorit\u00e9s.\n\n<\/p>\n\n\n\n<p><br> <strong>Distribution<\/strong><br> <br> Conception, \u00e9critures et mise en sc\u00e8ne :&nbsp;<a href=\"https:\/\/presomptionsdepresences.com\/Marie-Desoubeaux\">Marie Desoubeaux<\/a><br> Interpr\u00e9tation, collaboration :&nbsp;<a href=\"https:\/\/presomptionsdepresences.com\/Margaux-Amoros\">Margaux Amoros<\/a>&nbsp;et&nbsp;<a href=\"https:\/\/presomptionsdepresences.com\/Robin-Pharo\">Robin Pharo<\/a><br> Lumi\u00e8res&nbsp;<em>:&nbsp;<\/em><a href=\"https:\/\/presomptionsdepresences.com\/Florent-Penide\">Florent P\u00e9nide<\/a><\/p>\n\n\n\n<p>\nProduction&nbsp;Compagnie\nPr\u00e9somptions de Pr\u00e9sences.&nbsp;Avec le soutien&nbsp;Danse Dense&nbsp;En\nr\u00e9sidence&nbsp;\u00e0\nHaihatus (Joutsa, Finlande),&nbsp;<a href=\"https:\/\/www.alabriqueterie.com\/fr\/avec-les-artistes\/residences\/residences-1\" target=\"_blank\" rel=\"noreferrer noopener\">Briqueterie\nCDCN du Val-de-Marne<\/a>,\nCentre National de la Danse, ArtsIceland (Isafj\u00f6rdur, Islande)\n<\/p>\n","protected":false},"excerpt":{"rendered":"<p>Pr\u00e9somptions de pr\u00e9sences &#8211; Marie D\u00e9soubeaux Cr\u00e9ation 2018 Solo \u00e0 deux voix pour Margaux Amoros et Robin Pharo 12mn R E S T E R est un acte chor\u00e9graphique et th\u00e9\u00e2tral. Il est question d&rsquo;intimit\u00e9, de solitude et de libert\u00e9. La libert\u00e9 des fous, des solitaires, la libert\u00e9 des morts. Est-il possible de vivre dans&hellip; <a class=\"more-link\" href=\"http:\/\/lacooperativechoregraphique.org\/index.php\/rester-version-boomerang\/\">Poursuivre la lecture <span class=\"screen-reader-text\">RESTER [version Boomerang]<\/span><\/a><\/p>\n","protected":false},"author":1,"featured_media":0,"parent":0,"menu_order":0,"comment_status":"closed","ping_status":"closed","template":"","meta":{"footnotes":""},"class_list":["post-4771","page","type-page","status-publish","hentry","entry"],"_links":{"self":[{"href":"http:\/\/lacooperativechoregraphique.org\/index.php\/wp-json\/wp\/v2\/pages\/4771","targetHints":{"allow":["GET"]}}],"collection":[{"href":"http:\/\/lacooperativechoregraphique.org\/index.php\/wp-json\/wp\/v2\/pages"}],"about":[{"href":"http:\/\/lacooperativechoregraphique.org\/index.php\/wp-json\/wp\/v2\/types\/page"}],"author":[{"embeddable":true,"href":"http:\/\/lacooperativechoregraphique.org\/index.php\/wp-json\/wp\/v2\/users\/1"}],"replies":[{"embeddable":true,"href":"http:\/\/lacooperativechoregraphique.org\/index.php\/wp-json\/wp\/v2\/comments?post=4771"}],"version-history":[{"count":4,"href":"http:\/\/lacooperativechoregraphique.org\/index.php\/wp-json\/wp\/v2\/pages\/4771\/revisions"}],"predecessor-version":[{"id":4867,"href":"http:\/\/lacooperativechoregraphique.org\/index.php\/wp-json\/wp\/v2\/pages\/4771\/revisions\/4867"}],"wp:attachment":[{"href":"http:\/\/lacooperativechoregraphique.org\/index.php\/wp-json\/wp\/v2\/media?parent=4771"}],"curies":[{"name":"wp","href":"https:\/\/api.w.org\/{rel}","templated":true}]}}