{"id":4748,"date":"2020-09-08T12:00:36","date_gmt":"2020-09-08T10:00:36","guid":{"rendered":"http:\/\/lacooperativechoregraphique.org\/?page_id=4748"},"modified":"2020-09-09T19:11:17","modified_gmt":"2020-09-09T17:11:17","slug":"faces-pour-narcisse","status":"publish","type":"page","link":"http:\/\/lacooperativechoregraphique.org\/index.php\/faces-pour-narcisse\/","title":{"rendered":"FACES [pour Narcisse]"},"content":{"rendered":"\n<h2 class=\"has-text-align-center wp-block-heading\">Noesis &#8211; Alexandre Le Petit &amp; Flora Pilet<\/h2>\n\n\n\n<figure class=\"wp-block-image size-large\"><a href=\"http:\/\/www.cie-noesis.org\/creation\/FACES\/FACES_POUR_NARCISSE.htm\"><img loading=\"lazy\" decoding=\"async\" width=\"898\" height=\"612\" src=\"http:\/\/lacooperativechoregraphique.org\/wp-content\/uploads\/2020\/09\/FACES_pour_Narcisse_cie_NOESIS_-Alexandre_Le_Petit_Flora_Pilet_photo_Claude_Boisnard__7_2-WEf87d056e0b.jpg\" alt=\"\" class=\"wp-image-4716\" srcset=\"http:\/\/lacooperativechoregraphique.org\/wp-content\/uploads\/2020\/09\/FACES_pour_Narcisse_cie_NOESIS_-Alexandre_Le_Petit_Flora_Pilet_photo_Claude_Boisnard__7_2-WEf87d056e0b.jpg 898w, http:\/\/lacooperativechoregraphique.org\/wp-content\/uploads\/2020\/09\/FACES_pour_Narcisse_cie_NOESIS_-Alexandre_Le_Petit_Flora_Pilet_photo_Claude_Boisnard__7_2-WEf87d056e0b-300x204.jpg 300w, http:\/\/lacooperativechoregraphique.org\/wp-content\/uploads\/2020\/09\/FACES_pour_Narcisse_cie_NOESIS_-Alexandre_Le_Petit_Flora_Pilet_photo_Claude_Boisnard__7_2-WEf87d056e0b-768x523.jpg 768w\" sizes=\"auto, (max-width: 898px) 100vw, 898px\" \/><\/a><\/figure>\n\n\n\n<p><strong> CR\u00c9ATION 2018<\/strong><\/p>\n\n\n\n<p>FACES [pour Narcisse] est une pi\u00e8ce hybride intriquant danse, cin\u00e9ma et cr\u00e9ation sonore, \u00e9crite d\u2019apr\u00e8s une relecture du mythe de Narcisse &amp; Echo.&nbsp;&nbsp;<br> A partir de la rencontre entre un personnage sc\u00e9nique et son double cin\u00e9matographique, un jeu \u00e0 triple bande m\u00ealant d\u00e9sir et destruction s\u2019engage entre l\u2019image, le performeur et le public.&nbsp;&nbsp;<br> Dans ce face-\u00e0-face \u00e9pique, qui regarde l\u2019autre ?<br> Qui est vu ?&nbsp;<br><strong> Qui, ou quoi ?&nbsp; <\/strong><\/p>\n\n\n\n<p>\nSur\nle plan individuel, selon Ren\u00e9 Girard, les hommes se ha\u00efssent parce\nqu&rsquo;ils s&rsquo;imitent. Le mim\u00e9tisme engendre la rivalit\u00e9, mais en retour\nla rivalit\u00e9 renforce le mim\u00e9tisme. Les protagonistes d&rsquo;un tel\nconflit tragique ou comique ne voient pas qu&rsquo;ils sont\ninterchangeables, sym\u00e9triques, des \u00ab doubles \u00bb, mais l&rsquo;observateur\next\u00e9rieur le voit : il y a double logique, celle du d\u00e9sir et celle\nde l&rsquo;imitation. En d&rsquo;autres termes, faire de l&rsquo;Autre un mod\u00e8le,\nc&rsquo;est faire de lui un rival. (Cf. Girard, La violence et le sacr\u00e9 &amp;\nMensonge romantique et v\u00e9rit\u00e9 romanesque)&nbsp;<br>\n<br>\n1\/3\nanimal, 1\/3 cin\u00e9ma, 1\/3 psychanalyse&nbsp;<br>\n&nbsp;<br>\nL\u2019histoire\nde la rencontre de Narcisse avec Echo, puis de Narcisse avec\nlui-m\u00eame, fait appel \u00e0 une multitude de personnages chim\u00e9riques,\nmythologiques, ou divins. Les relations qu\u2019ils entretiennent\nentre-eux, et l\u2019intrication des composants de l\u2019animalit\u00e9 de la\nnature, et de la nature animale de l\u2019humain comme c\u0153ur de la\nfable, donnent une trame dense pour explorer la question des\nrelations entre d\u00e9sir, imitation et destruction qui proc\u00e8dent de la\nconstruction de chacun d\u2019entre nous\n\n<\/p>\n\n\n\n<p> <strong>FACES <\/strong>[pour Narcisse]  explore les rapports d&rsquo;imitation, de d\u00e9sir et de destruction qui constituent la m\u00e9canique ineffable de la construction du sujet. Dans cette pi\u00e8ce hybride, nous assistons aux m\u00e9tamorphoses d&rsquo;un \u00eatre mutant de fiction \u00e0 fiction, de lieu \u00e0 lieu, toujours habit\u00e9s ou travers\u00e9s par la pr\u00e9sence d\u2019un autre, ou de quelque chose d\u2019autre.&nbsp;<br><br> Ces pr\u00e9sences fantomatiques nous interpellent sur la nature de ce qui est simultan\u00e9ment l\u00e0&nbsp;<em>et <\/em>pas l\u00e0, et qui pourtant agit, nous agit. <\/p>\n\n\n\n<p> Nous proposons au spectateur d&rsquo;adopter la position d&rsquo;un monteur cin\u00e9matographique \u00e0 la recherche de sa propre fiction, de sortir de la qu\u00eate d\u2019une \u00ab histoire \u00e0 bien comprendre \u00bb, pour se donner la possibilit\u00e9 de composer une histoire aussi bonne qu\u2019une autre, la sienne. <\/p>\n\n\n\n<p><strong> <\/strong><a href=\"http:\/\/www.cie-noesis.org\/creation\/FACES\/FACES_POUR_NARCISSE.htm\">http:\/\/www.cie-noesis.org\/creation\/FACES\/FACES_POUR_NARCISSE.htm<\/a><\/p>\n\n\n\n<p><strong>Conception, dramaturgie &amp; mise en sc\u00e8ne <\/strong>:\u00a0Alexandre Le Petit                         <strong>Chor\u00e9graphie &amp; interpr\u00e9tation <\/strong>:\u00a0Flora Pilet<br><strong>Cr\u00e9ation vid\u00e9o<\/strong> :\u00a0Christophe Bisson<br><strong>Conseill\u00e8re chor\u00e9graphique<\/strong> :\u00a0M\u00e9lanie Lomoff<br><strong>Cr\u00e9ation sonore &amp; lumi\u00e8res<\/strong> :\u00a0Alexandre Le Petit<br><strong>Effets sp\u00e9ciaux<\/strong> :\u00a0Baptiste Bisson<br><strong>R\u00e9gie g\u00e9n\u00e9rale<\/strong> :\u00a0Alexandre Serrano <\/p>\n\n\n\n<p><strong>Dur\u00e9e <\/strong>: 49 min<\/p>\n\n\n\n<p><strong>Accueils :<\/strong>  Centre Chor\u00e9graphique National de Caen, Le Dancing (Val de Reuil), Le  Point \u00c9ph\u00e9m\u00e8re (Paris), Le Phare &#8211; Centre Chor\u00e9graphique National du  Havre, Les Ateliers Interm\u00e9diaires (Caen), La Fabrique APEFIM, (Caen),  Studio Le Regard du Cygne (Paris), R\u00e9servoir Danse (Rennes), Chor\u00e8ge  (relais culturel du pays de Falaise).&nbsp;                  <strong>Coproduction&nbsp;: <\/strong>Centre Chor\u00e9graphique National de Caen en Normandie<strong><br>Partenaires : <\/strong>R\u00e9gion Normandie, Ville de Caen, Conseil D\u00e9partemental du Calvados, ODACC <\/p>\n\n\n\n<p><br> <br> <\/p>\n","protected":false},"excerpt":{"rendered":"<p>Noesis &#8211; Alexandre Le Petit &amp; Flora Pilet CR\u00c9ATION 2018 FACES [pour Narcisse] est une pi\u00e8ce hybride intriquant danse, cin\u00e9ma et cr\u00e9ation sonore, \u00e9crite d\u2019apr\u00e8s une relecture du mythe de Narcisse &amp; Echo.&nbsp;&nbsp; A partir de la rencontre entre un personnage sc\u00e9nique et son double cin\u00e9matographique, un jeu \u00e0 triple bande m\u00ealant d\u00e9sir et destruction&hellip; <a class=\"more-link\" href=\"http:\/\/lacooperativechoregraphique.org\/index.php\/faces-pour-narcisse\/\">Poursuivre la lecture <span class=\"screen-reader-text\">FACES [pour Narcisse]<\/span><\/a><\/p>\n","protected":false},"author":1,"featured_media":0,"parent":0,"menu_order":0,"comment_status":"closed","ping_status":"closed","template":"","meta":{"footnotes":""},"class_list":["post-4748","page","type-page","status-publish","hentry","entry"],"_links":{"self":[{"href":"http:\/\/lacooperativechoregraphique.org\/index.php\/wp-json\/wp\/v2\/pages\/4748","targetHints":{"allow":["GET"]}}],"collection":[{"href":"http:\/\/lacooperativechoregraphique.org\/index.php\/wp-json\/wp\/v2\/pages"}],"about":[{"href":"http:\/\/lacooperativechoregraphique.org\/index.php\/wp-json\/wp\/v2\/types\/page"}],"author":[{"embeddable":true,"href":"http:\/\/lacooperativechoregraphique.org\/index.php\/wp-json\/wp\/v2\/users\/1"}],"replies":[{"embeddable":true,"href":"http:\/\/lacooperativechoregraphique.org\/index.php\/wp-json\/wp\/v2\/comments?post=4748"}],"version-history":[{"count":4,"href":"http:\/\/lacooperativechoregraphique.org\/index.php\/wp-json\/wp\/v2\/pages\/4748\/revisions"}],"predecessor-version":[{"id":4881,"href":"http:\/\/lacooperativechoregraphique.org\/index.php\/wp-json\/wp\/v2\/pages\/4748\/revisions\/4881"}],"wp:attachment":[{"href":"http:\/\/lacooperativechoregraphique.org\/index.php\/wp-json\/wp\/v2\/media?parent=4748"}],"curies":[{"name":"wp","href":"https:\/\/api.w.org\/{rel}","templated":true}]}}