{"id":4744,"date":"2020-09-08T11:53:35","date_gmt":"2020-09-08T09:53:35","guid":{"rendered":"http:\/\/lacooperativechoregraphique.org\/?page_id=4744"},"modified":"2020-09-09T19:11:53","modified_gmt":"2020-09-09T17:11:53","slug":"portraits","status":"publish","type":"page","link":"http:\/\/lacooperativechoregraphique.org\/index.php\/portraits\/","title":{"rendered":"PORTRAITS \/ Silenda &#8211; Damiano Fo\u00e0"},"content":{"rendered":"\n<p><\/p>\n\n\n\n<figure class=\"wp-block-image size-large\"><a href=\"https:\/\/vimeo.com\/256076571 \"><img loading=\"lazy\" decoding=\"async\" width=\"600\" height=\"393\" src=\"http:\/\/lacooperativechoregraphique.org\/wp-content\/uploads\/2020\/09\/dsc04021-f8096.jpg\" alt=\"\" class=\"wp-image-4715\" srcset=\"http:\/\/lacooperativechoregraphique.org\/wp-content\/uploads\/2020\/09\/dsc04021-f8096.jpg 600w, http:\/\/lacooperativechoregraphique.org\/wp-content\/uploads\/2020\/09\/dsc04021-f8096-300x197.jpg 300w\" sizes=\"auto, (max-width: 600px) 100vw, 600px\" \/><\/a><\/figure>\n\n\n\n<p><strong>Cr\u00e9ation 2018<\/strong><\/p>\n\n\n\n<p> \u00ab&nbsp;Performance itin\u00e9rante qui se base sur huit portraits photographiques, Portrait est un solo, une promenade interactive. La pi\u00e8ce voyage \u00e0 travers les portraits photographiques qui ont form\u00e9 mon \u00e9volution et l\u2019\u00e9volution collective. Dans un monde ambivalent, exigeant des individus qu\u2019ils ne sortent jamais du rang tout en cherchant incessamment \u00e0 mettre sur un pi\u00e9destal des leaders charismatiques, il m\u2019int\u00e9resse de questionner les repr\u00e9sentations des personnages qui ont marqu\u00e9\u0301 ma m\u00e9moire, mais aussi la m\u00e9moire collective. Je m\u2019interroge souvent sur les cons\u00e9quences que peut apporter l\u2019adoration d\u2019un portrait arch\u00e9typal, quand j\u2019ai moi-m\u00eame \u00e9t\u00e9\u0301 forg\u00e9 par des figures embl\u00e9matiques.<\/p>\n\n\n\n<p>\nLe\nparcours commence avec ma m\u00e9moire subjective, mon autoportrait, pour\narriver \u00e0 une m\u00e9moire commune, une page blanche sur laquelle le\npublic pourra se voir, en passant devant des personnages plus ou\nmoins c\u00e9l\u00e8bres de mon pass\u00e9 ou d\u2019une \u00e9poque plus r\u00e9cente.\nChaque st\u00e9r\u00e9otype change selon notre perception individuelle et\ncollective&nbsp;: il prend des apparences et des formes diff\u00e9rentes.\nEntre les interventions du danseur, le public est invit\u00e9 \u00e0 circuler\ndevant les repr\u00e9sentations&#8230; Ou bien subsisteront sur les portraits\nles traces du passage du danseur.<\/p>\n\n\n\n<p> Chaque portrait d\u00e9tient son propre univers sonore et sera transform\u00e9 par l\u2019\u00e9nergie et par la pr\u00e9sence physique du danseur. Inspir\u00e9 entre autres par les tableaux de Francis Bacon, je souhaite que les visages des portraits choisis se d\u00e9forment, disparaissent, se transfigurent&#8230; et reviennent \u00e0 la fin tels qu\u2019ils \u00e9taient au d\u00e9part ou bien restent dans leur nouvelle \u00e9volution graphique.\u00a0\u00bb<\/p>\n\n\n\n<h3 class=\"wp-block-heading\">\n<strong>Distribution<\/strong><\/h3>\n\n\n\n<p> <strong>Conception, chor\u00e9graphie et interpr\u00e9tation<\/strong>&nbsp;Damiano Fo\u00e0<br> <strong>Cr\u00e9ation sonore<\/strong>&nbsp;Perig Villerbu avec l\u2019aide de L\u00e9opold Frey<br> <strong>Cr\u00e9ation interactive et vid\u00e9o<\/strong>&nbsp;L\u00e9opold Frey<br> <strong>Assistant \u00e0 la dramaturgie<\/strong>&nbsp;Pierre-Emmanuel Sorignet<br> <strong>Cr\u00e9ation costumes<\/strong>&nbsp;Laura Simi<\/p>\n\n\n\n<p><strong>Dur\u00e9e <\/strong>: 42 min<\/p>\n","protected":false},"excerpt":{"rendered":"<p>Cr\u00e9ation 2018 \u00ab&nbsp;Performance itin\u00e9rante qui se base sur huit portraits photographiques, Portrait est un solo, une promenade interactive. La pi\u00e8ce voyage \u00e0 travers les portraits photographiques qui ont form\u00e9 mon \u00e9volution et l\u2019\u00e9volution collective. Dans un monde ambivalent, exigeant des individus qu\u2019ils ne sortent jamais du rang tout en cherchant incessamment \u00e0 mettre sur un&hellip; <a class=\"more-link\" href=\"http:\/\/lacooperativechoregraphique.org\/index.php\/portraits\/\">Poursuivre la lecture <span class=\"screen-reader-text\">PORTRAITS \/ Silenda &#8211; Damiano Fo\u00e0<\/span><\/a><\/p>\n","protected":false},"author":1,"featured_media":0,"parent":0,"menu_order":0,"comment_status":"closed","ping_status":"closed","template":"","meta":{"footnotes":""},"class_list":["post-4744","page","type-page","status-publish","hentry","entry"],"_links":{"self":[{"href":"http:\/\/lacooperativechoregraphique.org\/index.php\/wp-json\/wp\/v2\/pages\/4744","targetHints":{"allow":["GET"]}}],"collection":[{"href":"http:\/\/lacooperativechoregraphique.org\/index.php\/wp-json\/wp\/v2\/pages"}],"about":[{"href":"http:\/\/lacooperativechoregraphique.org\/index.php\/wp-json\/wp\/v2\/types\/page"}],"author":[{"embeddable":true,"href":"http:\/\/lacooperativechoregraphique.org\/index.php\/wp-json\/wp\/v2\/users\/1"}],"replies":[{"embeddable":true,"href":"http:\/\/lacooperativechoregraphique.org\/index.php\/wp-json\/wp\/v2\/comments?post=4744"}],"version-history":[{"count":6,"href":"http:\/\/lacooperativechoregraphique.org\/index.php\/wp-json\/wp\/v2\/pages\/4744\/revisions"}],"predecessor-version":[{"id":4883,"href":"http:\/\/lacooperativechoregraphique.org\/index.php\/wp-json\/wp\/v2\/pages\/4744\/revisions\/4883"}],"wp:attachment":[{"href":"http:\/\/lacooperativechoregraphique.org\/index.php\/wp-json\/wp\/v2\/media?parent=4744"}],"curies":[{"name":"wp","href":"https:\/\/api.w.org\/{rel}","templated":true}]}}