{"id":19,"date":"2019-10-19T11:30:28","date_gmt":"2019-10-19T09:30:28","guid":{"rendered":"http:\/\/lacooperativechoregraphique.org\/?page_id=19"},"modified":"2025-01-05T03:06:51","modified_gmt":"2025-01-05T02:06:51","slug":"noesis","status":"publish","type":"page","link":"http:\/\/lacooperativechoregraphique.org\/index.php\/noesis\/","title":{"rendered":"NOESIS"},"content":{"rendered":"\n<p><strong>Alexandre Le Petit &amp; Flora Pilet<\/strong><\/p>\n\n\n\n<p class=\"has-extra-small-font-size\">La compagnie NOESIS est n\u00e9e de la rencontre entre Flora Pilet, artiste chor\u00e9graphique et Alexandre Le Petit, dramaturge et cr\u00e9ateur sonore.&nbsp;<\/p>\n\n\n\n<p class=\"has-extra-small-font-size\">Leur rencontre s\u2019est faite \u00e0 partir d\u2019un go\u00fbt partag\u00e9 pour la recherche et l\u2019exp\u00e9rimentation, et de la croyance commune dans la possibilit\u00e9 de faire exister des questions philosophiques, ontologiques et politiques au c\u0153ur des pratiques artistiques et culturelles.&nbsp;<\/p>\n\n\n\n<p class=\"has-extra-small-font-size\">Les travaux de la cie NOESIS prennent forme dans l\u2019hybridation des modes d\u2019\u00e9nonciation et de repr\u00e9sentations de ces diff\u00e9rents champs, en vue d\u2019alimenter constamment l\u2019interrogation de la place et de la responsabilit\u00e9 de l\u2019art et de la culture dans la construction soci\u00e9tale.&nbsp;<\/p>\n\n\n\n<p class=\"has-extra-small-font-size\">Leur d\u00e9marche artistique est profond\u00e9ment tourn\u00e9e vers la question de l\u2019alt\u00e9rit\u00e9.<\/p>\n\n\n\n<p class=\"has-extra-small-font-size\">Cette question guide tous les projets de la compagnie, aussi bien dans la cr\u00e9ation, dans la recherche, la m\u00e9diation artistique et dans toute forme n\u00e9cessaire \u00e0 la vivacit\u00e9 du <em>commun<\/em>. &nbsp;<\/p>\n\n\n\n<p class=\"has-extra-small-font-size\">En tant que \u00ab&nbsp;chambre d\u2019\u00c9cho&nbsp;\u00bb, la cie NOESIS cherche \u00e0 donner une certaine visibilit\u00e9 \u00e0 l\u2019invisible, aux invisibles, aux inaudibles, comme avec les projets Culture Sant\u00e9 et Culture Justice, ou bien elle fait exister des interrogations m\u00e9taphysiques sur le d\u00e9sir et la solitude, comme dans FACES (pour Narcisse), ou encore elle cherche avec le cin\u00e9ma une forme hybride qui donnerait corps \u00e0 nos chim\u00e8res intimes, comme dans le film DIANE METAMORPHOSIS, r\u00e9alis\u00e9 par le cin\u00e9aste Christophe Bisson. &nbsp;<\/p>\n\n\n\n<p class=\"has-extra-small-font-size\">Avec L&rsquo;ARRACHEMENT, performance tir\u00e9e d&rsquo;apr\u00e8s trois pages d&rsquo;Henri Michaux, la rencontre avec la question se fait plus directement encore, dans une forme d\u2019\u00e9preuve avec le public, accompagn\u00e9 par lui dans une sc\u00e8ne brute, sans retranchements, sans ombres, et sans r\u00e9pit pour les participants, danseurs et com\u00e9diens compris. \u00a0<\/p>\n\n\n\n<p class=\"has-extra-small-font-size\">Leurs propositions artistiques visent \u00e0 offrir une exp\u00e9rience capable de mettre en jeu l\u2019intelligence cr\u00e9atrice du spectateur, et \u00e0 ouvrir des questionnements qui travaillent l\u2019imaginaire politique collectif.&nbsp;<\/p>\n\n\n\n<p class=\"has-text-align-right\" style=\"font-size:11px\"><em>\u00abS&rsquo;il y a un sens du r\u00e9el, il doit aussi y avoir un sens du possible.\u00bb&nbsp;<\/em><br>Robert Musil, L\u2019Homme sans qualit\u00e9s<\/p>\n\n\n\n<p class=\"has-extra-small-font-size\"><a href=\"http:\/\/cie-noesis.org\">cie-noesis.org<\/a><\/p>\n","protected":false},"excerpt":{"rendered":"<p>Alexandre Le Petit &amp; Flora Pilet La compagnie NOESIS est n\u00e9e de la rencontre entre Flora Pilet, artiste chor\u00e9graphique et Alexandre Le Petit, dramaturge et cr\u00e9ateur sonore.&nbsp; Leur rencontre s\u2019est faite \u00e0 partir d\u2019un go\u00fbt partag\u00e9 pour la recherche et l\u2019exp\u00e9rimentation, et de la croyance commune dans la possibilit\u00e9 de faire exister des questions philosophiques,&hellip; <a class=\"more-link\" href=\"http:\/\/lacooperativechoregraphique.org\/index.php\/noesis\/\">Poursuivre la lecture <span class=\"screen-reader-text\">NOESIS<\/span><\/a><\/p>\n","protected":false},"author":1,"featured_media":0,"parent":0,"menu_order":0,"comment_status":"closed","ping_status":"closed","template":"","meta":{"footnotes":""},"class_list":["post-19","page","type-page","status-publish","hentry","entry"],"_links":{"self":[{"href":"http:\/\/lacooperativechoregraphique.org\/index.php\/wp-json\/wp\/v2\/pages\/19","targetHints":{"allow":["GET"]}}],"collection":[{"href":"http:\/\/lacooperativechoregraphique.org\/index.php\/wp-json\/wp\/v2\/pages"}],"about":[{"href":"http:\/\/lacooperativechoregraphique.org\/index.php\/wp-json\/wp\/v2\/types\/page"}],"author":[{"embeddable":true,"href":"http:\/\/lacooperativechoregraphique.org\/index.php\/wp-json\/wp\/v2\/users\/1"}],"replies":[{"embeddable":true,"href":"http:\/\/lacooperativechoregraphique.org\/index.php\/wp-json\/wp\/v2\/comments?post=19"}],"version-history":[{"count":32,"href":"http:\/\/lacooperativechoregraphique.org\/index.php\/wp-json\/wp\/v2\/pages\/19\/revisions"}],"predecessor-version":[{"id":6819,"href":"http:\/\/lacooperativechoregraphique.org\/index.php\/wp-json\/wp\/v2\/pages\/19\/revisions\/6819"}],"wp:attachment":[{"href":"http:\/\/lacooperativechoregraphique.org\/index.php\/wp-json\/wp\/v2\/media?parent=19"}],"curies":[{"name":"wp","href":"https:\/\/api.w.org\/{rel}","templated":true}]}}